{"id":7661,"date":"2025-08-01T08:06:48","date_gmt":"2025-08-01T06:06:48","guid":{"rendered":"https:\/\/bronpi.com\/product\/noa-horno\/"},"modified":"2026-04-13T10:37:30","modified_gmt":"2026-04-13T08:37:30","slug":"noa-horno","status":"publish","type":"product","link":"https:\/\/bronpi.com\/pt-pt\/produto\/noa-horno\/","title":{"rendered":"NOA HORNO"},"content":{"rendered":"<ul>\n<li>Inclui Tecnologia Oasys Plus.<\/li>\n<li>Silencioso. Possibilidade de desconex\u00e3o total da turbina.<\/li>\n<li>Program\u00e1vel: di\u00e1rio, semanal e fim de semana.<\/li>\n<li>Canaliz\u00e1vel at\u00e9 5 metros atrav\u00e9s kit opcional (Kit-C-12H)<\/li>\n<li>Inclui Sistema Independente de Canaliza\u00e7\u00e3o (SIC) que permite desligar, ligar e regular a turbina da canaliza\u00e7\u00e3o dos kits opcionais de forma independente \u00e0 salamandra.<\/li>\n<li>Interior em vermiculita.<\/li>\n<li>Queimador em fundi\u00e7\u00e3o.<\/li>\n<li>Forno em a\u00e7o inoxid\u00e1vel com bandeja inox de 480x400x60mm e grelha de 470x380mm.<\/li>\n<li>Inclui telecomando com ecr\u00e3.<\/li>\n<li>Inclui luva e \u201cT\u201d inox.<\/li>\n<\/ul>\n<h1><strong>Elementos opcionais:<\/strong><\/h1>\n<ul>\n<li>KIT WIFI 2: Kit Wifi para controle remoto.<\/li>\n<li>KIT-C-12H: Kit para canalizar ar at\u00e9 5 metros de dist\u00e2ncia por 1 sa\u00edda de 80 mm \u00f8 com turbina de 130 m<sup>3<\/sup>\/h.<\/li>\n<\/ul>\n","protected":false},"excerpt":{"rendered":"<p>Salamandra com forno<\/p>\n","protected":false},"featured_media":6246,"template":"","meta":[],"product_brand":[],"product_cat":[174,173],"product_tag":[290],"class_list":{"0":"post-7661","1":"product","2":"type-product","3":"status-publish","4":"has-post-thumbnail","6":"product_cat-serie-ar-pt-pt","7":"product_cat-serie-pellet-pt-pt","8":"product_tag-ar-pt-pt","10":"first","11":"instock","12":"shipping-taxable","13":"product-type-simple"},"_links":{"self":[{"href":"https:\/\/bronpi.com\/pt-pt\/wp-json\/wp\/v2\/product\/7661","targetHints":{"allow":["GET"]}}],"collection":[{"href":"https:\/\/bronpi.com\/pt-pt\/wp-json\/wp\/v2\/product"}],"about":[{"href":"https:\/\/bronpi.com\/pt-pt\/wp-json\/wp\/v2\/types\/product"}],"wp:featuredmedia":[{"embeddable":true,"href":"https:\/\/bronpi.com\/pt-pt\/wp-json\/wp\/v2\/media\/6246"}],"wp:attachment":[{"href":"https:\/\/bronpi.com\/pt-pt\/wp-json\/wp\/v2\/media?parent=7661"}],"wp:term":[{"taxonomy":"product_brand","embeddable":true,"href":"https:\/\/bronpi.com\/pt-pt\/wp-json\/wp\/v2\/product_brand?post=7661"},{"taxonomy":"product_cat","embeddable":true,"href":"https:\/\/bronpi.com\/pt-pt\/wp-json\/wp\/v2\/product_cat?post=7661"},{"taxonomy":"product_tag","embeddable":true,"href":"https:\/\/bronpi.com\/pt-pt\/wp-json\/wp\/v2\/product_tag?post=7661"}],"curies":[{"name":"wp","href":"https:\/\/api.w.org\/{rel}","templated":true}]}}