{"id":7716,"date":"2025-08-01T08:27:09","date_gmt":"2025-08-01T06:27:09","guid":{"rendered":"https:\/\/bronpi.com\/product\/abril-extra\/"},"modified":"2026-04-09T11:05:49","modified_gmt":"2026-04-09T09:05:49","slug":"abril-extra","status":"publish","type":"product","link":"https:\/\/bronpi.com\/pt-pt\/produto\/abril-extra\/","title":{"rendered":"ABRIL-EXTRA"},"content":{"rendered":"<ul>\n<li>Duplo sistema de limpeza do queimador, rota\u00e7\u00e3o 360\u00ba da base do queimador e varrido.<\/li>\n<li>Inclui Tecnologia Oasys Plus.<\/li>\n<li>Program\u00e1vel: di\u00e1rio, semanal e fim de semana.<\/li>\n<li>Inclui uma canaliza\u00e7\u00e3o de s\u00e9rie para canalizar aire at\u00e9 5 metros de distancia. Com Sistema Independente de Canaliza\u00e7\u00e3o (SIC) que permite desligar, ligar e regular a turbina da canaliza\u00e7\u00e3o dos kits opcionais de forma independente \u00e0 salamandra.<\/li>\n<li>Resist\u00eancia cer\u00e2mica: igni\u00e7\u00e3o mais r\u00e1pida.<\/li>\n<li>Silencioso. Possibilidade de desconex\u00e3o total da turbina.<\/li>\n<li>Dep\u00f3sito herm\u00e9tico.<\/li>\n<li>Possibilidade de sa\u00edda de fumos superior, lateral ou traseira.<\/li>\n<li>Interior em vermiculita.<\/li>\n<li>Queimador de alto desempenho.<\/li>\n<li>Inclui trocador acumulador t\u00e9rmico de fundi\u00e7\u00e3o.<\/li>\n<li>Porta e teto em fundi\u00e7\u00e3o.<\/li>\n<li>Inclui luva.<\/li>\n<\/ul>\n<h1><strong>Elementos opcionais:<\/strong><\/h1>\n<ul>\n<li>KIT WIFI 1: Kit Wifi para controle remoto.<\/li>\n<\/ul>\n","protected":false},"excerpt":{"rendered":"<p>Salamandra canaliz\u00e1vel com duplo sistema de limpeza autom\u00e1tica do queimador<\/p>\n","protected":false},"featured_media":6299,"template":"","meta":[],"product_brand":[],"product_cat":[174,173],"product_tag":[290,286],"class_list":{"0":"post-7716","1":"product","2":"type-product","3":"status-publish","4":"has-post-thumbnail","6":"product_cat-serie-ar-pt-pt","7":"product_cat-serie-pellet-pt-pt","8":"product_tag-ar-pt-pt","9":"product_tag-canalizable-pt-pt","11":"first","12":"instock","13":"shipping-taxable","14":"product-type-simple"},"_links":{"self":[{"href":"https:\/\/bronpi.com\/pt-pt\/wp-json\/wp\/v2\/product\/7716","targetHints":{"allow":["GET"]}}],"collection":[{"href":"https:\/\/bronpi.com\/pt-pt\/wp-json\/wp\/v2\/product"}],"about":[{"href":"https:\/\/bronpi.com\/pt-pt\/wp-json\/wp\/v2\/types\/product"}],"wp:featuredmedia":[{"embeddable":true,"href":"https:\/\/bronpi.com\/pt-pt\/wp-json\/wp\/v2\/media\/6299"}],"wp:attachment":[{"href":"https:\/\/bronpi.com\/pt-pt\/wp-json\/wp\/v2\/media?parent=7716"}],"wp:term":[{"taxonomy":"product_brand","embeddable":true,"href":"https:\/\/bronpi.com\/pt-pt\/wp-json\/wp\/v2\/product_brand?post=7716"},{"taxonomy":"product_cat","embeddable":true,"href":"https:\/\/bronpi.com\/pt-pt\/wp-json\/wp\/v2\/product_cat?post=7716"},{"taxonomy":"product_tag","embeddable":true,"href":"https:\/\/bronpi.com\/pt-pt\/wp-json\/wp\/v2\/product_tag?post=7716"}],"curies":[{"name":"wp","href":"https:\/\/api.w.org\/{rel}","templated":true}]}}