{"id":7754,"date":"2025-08-01T09:00:29","date_gmt":"2025-08-01T07:00:29","guid":{"rendered":"https:\/\/bronpi.com\/product\/coral\/"},"modified":"2025-10-23T10:44:30","modified_gmt":"2025-10-23T08:44:30","slug":"coral","status":"publish","type":"product","link":"https:\/\/bronpi.com\/pt-pt\/produto\/coral\/","title":{"rendered":"CORAL"},"content":{"rendered":"<p>&#8211; Inclui Tecnologia Oasys Plus.<br \/>\n&#8211; Program\u00e1vel: di\u00e1rio, semanal e fim de semana.<br \/>\n&#8211; Resist\u00eancia cer\u00e2mica: igni\u00e7\u00e3o mais r\u00e1pida.<br \/>\n&#8211; Dep\u00f3sito herm\u00e9tico.<br \/>\n&#8211; Canaliz\u00e1vel at\u00e9 9 metros por 2 sa\u00eddas atrav\u00e9s kit opcional.<br \/>\n&#8211; Inclui Sistema Independente de Canaliza\u00e7\u00e3o (SIC) que permite desligar, ligar e regular a turbina da canaliza\u00e7\u00e3o dos kits opcionais de forma independente \u00e0 salamandra.<br \/>\n&#8211; Interior em fundi\u00e7\u00e3o.<br \/>\n&#8211; Queimador em fundi\u00e7\u00e3o.<br \/>\n&#8211; Scambiatore termico in ghisa.<br \/>\n&#8211; Inclui luva e \u201cT\u201d inox.<\/p>\n<h1><strong>Elementos opcionais:<\/strong><\/h1>\n<p>&#8211; KIT WIFI 1: Kit Wifi para controle remoto.<br \/>\n&#8211; KIT-C-15N-D: Kit direito para canalizar ar at\u00e9 9 metros de dist\u00e2ncia por 1 sa\u00edda de 80 mm \u00f8 com turbina de 130 m3\/h. Possibilidade de controle atrav\u00e9s de sonda ambiente.<br \/>\n&#8211; KIT-C-15N-I: Kit esquerdo para canalizar ar at\u00e9 9 metros de dist\u00e2ncia por 1 sa\u00edda de 80 mm \u00f8 com turbina de 130 m3\/h. Possibilidade de controle atrav\u00e9s de sonda ambiente.<br \/>\n&#8211; PE-029: Telecomando.<\/p>\n","protected":false},"excerpt":{"rendered":"<p>Salamandra de pellet<\/p>\n","protected":false},"featured_media":6346,"template":"","meta":[],"product_brand":[],"product_cat":[174,173],"product_tag":[290,286],"class_list":{"0":"post-7754","1":"product","2":"type-product","3":"status-publish","4":"has-post-thumbnail","6":"product_cat-serie-ar-pt-pt","7":"product_cat-serie-pellet-pt-pt","8":"product_tag-ar-pt-pt","9":"product_tag-canalizable-pt-pt","11":"first","12":"instock","13":"shipping-taxable","14":"product-type-simple"},"_links":{"self":[{"href":"https:\/\/bronpi.com\/pt-pt\/wp-json\/wp\/v2\/product\/7754","targetHints":{"allow":["GET"]}}],"collection":[{"href":"https:\/\/bronpi.com\/pt-pt\/wp-json\/wp\/v2\/product"}],"about":[{"href":"https:\/\/bronpi.com\/pt-pt\/wp-json\/wp\/v2\/types\/product"}],"wp:featuredmedia":[{"embeddable":true,"href":"https:\/\/bronpi.com\/pt-pt\/wp-json\/wp\/v2\/media\/6346"}],"wp:attachment":[{"href":"https:\/\/bronpi.com\/pt-pt\/wp-json\/wp\/v2\/media?parent=7754"}],"wp:term":[{"taxonomy":"product_brand","embeddable":true,"href":"https:\/\/bronpi.com\/pt-pt\/wp-json\/wp\/v2\/product_brand?post=7754"},{"taxonomy":"product_cat","embeddable":true,"href":"https:\/\/bronpi.com\/pt-pt\/wp-json\/wp\/v2\/product_cat?post=7754"},{"taxonomy":"product_tag","embeddable":true,"href":"https:\/\/bronpi.com\/pt-pt\/wp-json\/wp\/v2\/product_tag?post=7754"}],"curies":[{"name":"wp","href":"https:\/\/api.w.org\/{rel}","templated":true}]}}