{"id":7792,"date":"2025-08-01T11:13:02","date_gmt":"2025-08-01T09:13:02","guid":{"rendered":"https:\/\/bronpi.com\/product\/alpes-hydro\/"},"modified":"2026-03-11T10:21:35","modified_gmt":"2026-03-11T09:21:35","slug":"alpes-hydro","status":"publish","type":"product","link":"https:\/\/bronpi.com\/pt-pt\/produto\/alpes-hydro\/","title":{"rendered":"ALPES HYDRO"},"content":{"rendered":"<p>&#8211; Inclui Tecnologia Oasys Plus.<br \/>\n&#8211; Program\u00e1vel: di\u00e1rio, semanal e fim de semana.<br \/>\n&#8211; Gest\u00e3o de aquecimento e AQS.<br \/>\n&#8211; Inclui sensor de n\u00edvel de carga de pellet.<br \/>\n&#8211; Transdutor de press\u00e3o.<br \/>\n&#8211; Purgador autom\u00e1tico..<br \/>\n&#8211; Gaveta frontal remov\u00edvel para recarga de pellet.<br \/>\n&#8211; Queimador em fundi\u00e7\u00e3o.<br \/>\n&#8211; Inclui telecomando com ecr\u00e3.<br \/>\n&#8211; Inclui moldura de tr\u00eas faces de s\u00e9rie.<br \/>\n&#8211; Inclui luva.<\/p>\n<h1><strong>Elementos opcionais:<\/strong><\/h1>\n<p>&#8211; KIT WIFI 1: Kit Wifi para controle remoto.<br \/>\n&#8211; KIT-CAR-ALPES: Kit de carga (caixa de carga+ tubo de 1 metro).<br \/>\n&#8211; BA: BA: Base com p\u00e9s regul\u00e1veis em altura.<br \/>\n&#8211; KIT-MARCO4-ALPES : Perfil inferior da moldura para converter em 4 lados..<br \/>\n&#8211; VAL-02: V\u00e1lvula anti-condensa\u00e7\u00e3o de 3&#215;1&#8243;<\/p>\n","protected":false},"excerpt":{"rendered":"<p>Inser\u00edvel hydro<\/p>\n","protected":false},"featured_media":6590,"template":"","meta":[],"product_brand":[],"product_cat":[173,175],"product_tag":[282],"class_list":{"0":"post-7792","1":"product","2":"type-product","3":"status-publish","4":"has-post-thumbnail","6":"product_cat-serie-pellet-pt-pt","7":"product_cat-serie-hydro-pt-pt","8":"product_tag-hydro-pt-pt","10":"first","11":"instock","12":"shipping-taxable","13":"product-type-simple"},"_links":{"self":[{"href":"https:\/\/bronpi.com\/pt-pt\/wp-json\/wp\/v2\/product\/7792","targetHints":{"allow":["GET"]}}],"collection":[{"href":"https:\/\/bronpi.com\/pt-pt\/wp-json\/wp\/v2\/product"}],"about":[{"href":"https:\/\/bronpi.com\/pt-pt\/wp-json\/wp\/v2\/types\/product"}],"wp:featuredmedia":[{"embeddable":true,"href":"https:\/\/bronpi.com\/pt-pt\/wp-json\/wp\/v2\/media\/6590"}],"wp:attachment":[{"href":"https:\/\/bronpi.com\/pt-pt\/wp-json\/wp\/v2\/media?parent=7792"}],"wp:term":[{"taxonomy":"product_brand","embeddable":true,"href":"https:\/\/bronpi.com\/pt-pt\/wp-json\/wp\/v2\/product_brand?post=7792"},{"taxonomy":"product_cat","embeddable":true,"href":"https:\/\/bronpi.com\/pt-pt\/wp-json\/wp\/v2\/product_cat?post=7792"},{"taxonomy":"product_tag","embeddable":true,"href":"https:\/\/bronpi.com\/pt-pt\/wp-json\/wp\/v2\/product_tag?post=7792"}],"curies":[{"name":"wp","href":"https:\/\/api.w.org\/{rel}","templated":true}]}}