{"id":7811,"date":"2025-08-01T12:04:55","date_gmt":"2025-08-01T10:04:55","guid":{"rendered":"https:\/\/bronpi.com\/product\/noa-hydro\/"},"modified":"2025-11-11T14:10:15","modified_gmt":"2025-11-11T13:10:15","slug":"noa-hydro","status":"publish","type":"product","link":"https:\/\/bronpi.com\/pt-pt\/produto\/noa-hydro\/","title":{"rendered":"NOA HYDRO"},"content":{"rendered":"<p>&#8211; Inclui Tecnologia Oasys Plus.<br \/>\n&#8211; Program\u00e1vel: di\u00e1rio, semanal e fim de semana.<br \/>\n&#8211; Transdutor de press\u00e3o.<br \/>\n&#8211; Purgador autom\u00e1tico..<br \/>\n&#8211; Queimador em fundi\u00e7\u00e3o.<br \/>\n&#8211; Inclui luva.<\/p>\n<h1><strong>Elementos opcionais:<\/strong><\/h1>\n<p>&#8211; KIT WIFI 1: Kit Wifi para controle remoto.<br \/>\n&#8211; KIT-V-H: : Kit de Ventila\u00e7\u00e3o para ar de convec\u00e7\u00e3o for\u00e7ada.<br \/>\n&#8211; VAL-02: V\u00e1lvula anti-condensa\u00e7\u00e3o de 3&#215;1&#8243;.<br \/>\n&#8211; PE-029: Telecomando.<\/p>\n","protected":false},"excerpt":{"rendered":"<p>Salamandra hydro<\/p>\n","protected":false},"featured_media":6621,"template":"","meta":[],"product_brand":[],"product_cat":[173,175],"product_tag":[282],"class_list":{"0":"post-7811","1":"product","2":"type-product","3":"status-publish","4":"has-post-thumbnail","6":"product_cat-serie-pellet-pt-pt","7":"product_cat-serie-hydro-pt-pt","8":"product_tag-hydro-pt-pt","10":"first","11":"instock","12":"shipping-taxable","13":"product-type-simple"},"_links":{"self":[{"href":"https:\/\/bronpi.com\/pt-pt\/wp-json\/wp\/v2\/product\/7811","targetHints":{"allow":["GET"]}}],"collection":[{"href":"https:\/\/bronpi.com\/pt-pt\/wp-json\/wp\/v2\/product"}],"about":[{"href":"https:\/\/bronpi.com\/pt-pt\/wp-json\/wp\/v2\/types\/product"}],"wp:featuredmedia":[{"embeddable":true,"href":"https:\/\/bronpi.com\/pt-pt\/wp-json\/wp\/v2\/media\/6621"}],"wp:attachment":[{"href":"https:\/\/bronpi.com\/pt-pt\/wp-json\/wp\/v2\/media?parent=7811"}],"wp:term":[{"taxonomy":"product_brand","embeddable":true,"href":"https:\/\/bronpi.com\/pt-pt\/wp-json\/wp\/v2\/product_brand?post=7811"},{"taxonomy":"product_cat","embeddable":true,"href":"https:\/\/bronpi.com\/pt-pt\/wp-json\/wp\/v2\/product_cat?post=7811"},{"taxonomy":"product_tag","embeddable":true,"href":"https:\/\/bronpi.com\/pt-pt\/wp-json\/wp\/v2\/product_tag?post=7811"}],"curies":[{"name":"wp","href":"https:\/\/api.w.org\/{rel}","templated":true}]}}