{"id":7850,"date":"2025-08-01T12:54:47","date_gmt":"2025-08-01T10:54:47","guid":{"rendered":"https:\/\/bronpi.com\/product\/carlota\/"},"modified":"2025-11-18T10:20:41","modified_gmt":"2025-11-18T09:20:41","slug":"carlota","status":"publish","type":"product","link":"https:\/\/bronpi.com\/pt-pt\/produto\/carlota\/","title":{"rendered":"CARLOTA"},"content":{"rendered":"<p>&#8211; Inclui Tecnologia Oasys.<br \/>\n&#8211; Program\u00e1vel: di\u00e1rio, semanal e fim de semana.<br \/>\n&#8211; Limpeza totalmente automatizada de trocadores e queimador.<br \/>\n&#8211; Gest\u00e3o de aquecimento e AQS.<br \/>\n&#8211; Dep\u00f3sito herm\u00e9tico.<br \/>\n&#8211; Purgador autom\u00e1tico..<br \/>\n&#8211; Transdutor de press\u00e3o.<br \/>\n&#8211; C\u00e2mara isolada termicamente.<br \/>\n&#8211; Queimador em fundi\u00e7\u00e3o.<br \/>\n&#8211; Conjunto raspadores em a\u00e7o inox.<br \/>\n&#8211; Inclui luva.<\/p>\n<h1><strong>Elementos opcionais:<\/strong><\/h1>\n<p>&#8211; PE-029: Telecomando.<br \/>\n&#8211; VAL-03: V\u00e1lvula anti-condensa\u00e7\u00e3o de 3&#215;1 1\/4&#8243;.<\/p>\n","protected":false},"excerpt":{"rendered":"<p>Salamandra hydro<\/p>\n","protected":false},"featured_media":6732,"template":"","meta":[],"product_brand":[],"product_cat":[173,175],"product_tag":[282],"class_list":{"0":"post-7850","1":"product","2":"type-product","3":"status-publish","4":"has-post-thumbnail","6":"product_cat-serie-pellet-pt-pt","7":"product_cat-serie-hydro-pt-pt","8":"product_tag-hydro-pt-pt","10":"first","11":"instock","12":"shipping-taxable","13":"product-type-simple"},"_links":{"self":[{"href":"https:\/\/bronpi.com\/pt-pt\/wp-json\/wp\/v2\/product\/7850","targetHints":{"allow":["GET"]}}],"collection":[{"href":"https:\/\/bronpi.com\/pt-pt\/wp-json\/wp\/v2\/product"}],"about":[{"href":"https:\/\/bronpi.com\/pt-pt\/wp-json\/wp\/v2\/types\/product"}],"wp:featuredmedia":[{"embeddable":true,"href":"https:\/\/bronpi.com\/pt-pt\/wp-json\/wp\/v2\/media\/6732"}],"wp:attachment":[{"href":"https:\/\/bronpi.com\/pt-pt\/wp-json\/wp\/v2\/media?parent=7850"}],"wp:term":[{"taxonomy":"product_brand","embeddable":true,"href":"https:\/\/bronpi.com\/pt-pt\/wp-json\/wp\/v2\/product_brand?post=7850"},{"taxonomy":"product_cat","embeddable":true,"href":"https:\/\/bronpi.com\/pt-pt\/wp-json\/wp\/v2\/product_cat?post=7850"},{"taxonomy":"product_tag","embeddable":true,"href":"https:\/\/bronpi.com\/pt-pt\/wp-json\/wp\/v2\/product_tag?post=7850"}],"curies":[{"name":"wp","href":"https:\/\/api.w.org\/{rel}","templated":true}]}}