{"id":7884,"date":"2025-08-01T13:28:43","date_gmt":"2025-08-01T11:28:43","guid":{"rendered":"https:\/\/bronpi.com\/product\/hydroconfort-27\/"},"modified":"2026-03-26T16:20:23","modified_gmt":"2026-03-26T15:20:23","slug":"hydroconfort-27","status":"publish","type":"product","link":"https:\/\/bronpi.com\/pt-pt\/produto\/hydroconfort-27\/","title":{"rendered":"HYDROCONFORT-27"},"content":{"rendered":"<ul>\n<li>Duplo Sistema De Limpeza: Rota\u00e7\u00e3o 360\u00ba da base do queimador e varrido.<\/li>\n<li>Sistema compactador de cinzas com grande capacidade e visor de n\u00edvel de cinzas. Inclui asa e rodas no cinzeiro para f\u00e1cil transporte.<\/li>\n<li>Inclui Tecnologia Oasys Plus.<\/li>\n<li>Program\u00e1vel: di\u00e1rio, semanal e fim de semana.<\/li>\n<li>Display LCD-TFT em cor de 4,3\u201d multitouch para programa\u00e7\u00e3o e gest\u00e3o da caldeira.<\/li>\n<li>Sistema patenteado de troca t\u00e9rmica.<\/li>\n<li>Gest\u00e3o de aquecimento e AQS.<\/li>\n<li>Inclui sensor de n\u00edvel de carga de pellet.<\/li>\n<li>Dep\u00f3sito herm\u00e9tico.<\/li>\n<li>C\u00e2mara isolada termicamente.<\/li>\n<li>Transdutor de press\u00e3o.<\/li>\n<li>Inclui purgador autom\u00e1tico.<\/li>\n<li>Queimador em fundi\u00e7\u00e3o.<\/li>\n<li>Inclui luva.<\/li>\n<\/ul>\n<h1><strong>Elementos opcionais:<\/strong><\/h1>\n<ul>\n<li>KIT WIFI 2: Kit Wifi para controle remoto.<\/li>\n<li>VAL-03: V\u00e1lvula anti-condensa\u00e7\u00e3o de 3&#215;1&#8243; 1\/4.<\/li>\n<li>DEP-HYDROCONFORT: Tanque lateral de carga de 411 litros (260 kg). Possibilidade de instalar \u00e0 esquerda ou \u00e0 direita.<\/li>\n<\/ul>\n","protected":false},"excerpt":{"rendered":"<p>Caldeira com limpeza autom\u00e1tica<\/p>\n","protected":false},"featured_media":6796,"template":"","meta":[],"product_brand":[],"product_cat":[173,175],"product_tag":[282],"class_list":{"0":"post-7884","1":"product","2":"type-product","3":"status-publish","4":"has-post-thumbnail","6":"product_cat-serie-pellet-pt-pt","7":"product_cat-serie-hydro-pt-pt","8":"product_tag-hydro-pt-pt","10":"first","11":"instock","12":"shipping-taxable","13":"product-type-simple"},"_links":{"self":[{"href":"https:\/\/bronpi.com\/pt-pt\/wp-json\/wp\/v2\/product\/7884","targetHints":{"allow":["GET"]}}],"collection":[{"href":"https:\/\/bronpi.com\/pt-pt\/wp-json\/wp\/v2\/product"}],"about":[{"href":"https:\/\/bronpi.com\/pt-pt\/wp-json\/wp\/v2\/types\/product"}],"wp:featuredmedia":[{"embeddable":true,"href":"https:\/\/bronpi.com\/pt-pt\/wp-json\/wp\/v2\/media\/6796"}],"wp:attachment":[{"href":"https:\/\/bronpi.com\/pt-pt\/wp-json\/wp\/v2\/media?parent=7884"}],"wp:term":[{"taxonomy":"product_brand","embeddable":true,"href":"https:\/\/bronpi.com\/pt-pt\/wp-json\/wp\/v2\/product_brand?post=7884"},{"taxonomy":"product_cat","embeddable":true,"href":"https:\/\/bronpi.com\/pt-pt\/wp-json\/wp\/v2\/product_cat?post=7884"},{"taxonomy":"product_tag","embeddable":true,"href":"https:\/\/bronpi.com\/pt-pt\/wp-json\/wp\/v2\/product_tag?post=7884"}],"curies":[{"name":"wp","href":"https:\/\/api.w.org\/{rel}","templated":true}]}}