{"id":7895,"date":"2025-03-03T11:37:36","date_gmt":"2025-03-03T10:37:36","guid":{"rendered":"https:\/\/bronpi.com\/product\/insert-hybrid\/"},"modified":"2026-04-13T12:48:23","modified_gmt":"2026-04-13T10:48:23","slug":"insert-hybrid","status":"publish","type":"product","link":"https:\/\/bronpi.com\/pt-pt\/produto\/insert-hybrid\/","title":{"rendered":"INSERT-HYBRID"},"content":{"rendered":"<ul>\n<li>Wifi inclu\u00eddo de s\u00e9rie, para controle atrav\u00e9s da APP.<\/li>\n<li>Modelo vers\u00e1til: Escolha o interior.<\/li>\n<li>Inclui Sistema Confortek: Soft-Night, Auto e Manual-Smart.<\/li>\n<li>Possibilidade de igni\u00e7\u00e3o autom\u00e1tica da lenha.<\/li>\n<li>Inclui Tecnologia Oasys Plus.<\/li>\n<li>Controle remoto inclu\u00eddo.<\/li>\n<li>Inclu\u00eddo de s\u00e9rie, Kit de carga (grade de carga + tubo de 1 metro).<\/li>\n<li>Inclui luva.<\/li>\n<\/ul>\n<h1><strong>Elementos opcionais:<\/strong><\/h1>\n<ul>\n<li>KIT-VER-IH: Kit interior vermiculita.<\/li>\n<li>KIT-FIR-IH: Kit interior Firetek.<\/li>\n<li>BIH: Base com p\u00e9s regul\u00e1veis em altura.<\/li>\n<li>BIH-FIJA: Base fixa ideal para instala\u00e7\u00e3o em altura m\u00ednima.<\/li>\n<li>MARCO4-IH: Moldura 4 lados de 60 mm.<\/li>\n<li>KIT-AIR-7: Kit com tomadas de ar externo. Para converter em herm\u00e9tico tanto no modo Lenha como pellet. Para sua instala\u00e7\u00e3o \u00e9 necess\u00e1ria uma das bases opcionais (ref.: BIH \/ BIH-FIJA).<\/li>\n<\/ul>\n","protected":false},"excerpt":{"rendered":"<p>Inser\u00edvel de lenha e pellet com wifi<\/p>\n","protected":false},"featured_media":4817,"template":"","meta":[],"product_brand":[],"product_cat":[166],"product_tag":[282,177],"class_list":{"0":"post-7895","1":"product","2":"type-product","3":"status-publish","4":"has-post-thumbnail","6":"product_cat-serie-hibrido-lena-pellet-pt-pt","7":"product_tag-hydro-pt-pt","8":"product_tag-novo-pt-pt","10":"first","11":"instock","12":"shipping-taxable","13":"product-type-simple"},"_links":{"self":[{"href":"https:\/\/bronpi.com\/pt-pt\/wp-json\/wp\/v2\/product\/7895","targetHints":{"allow":["GET"]}}],"collection":[{"href":"https:\/\/bronpi.com\/pt-pt\/wp-json\/wp\/v2\/product"}],"about":[{"href":"https:\/\/bronpi.com\/pt-pt\/wp-json\/wp\/v2\/types\/product"}],"wp:featuredmedia":[{"embeddable":true,"href":"https:\/\/bronpi.com\/pt-pt\/wp-json\/wp\/v2\/media\/4817"}],"wp:attachment":[{"href":"https:\/\/bronpi.com\/pt-pt\/wp-json\/wp\/v2\/media?parent=7895"}],"wp:term":[{"taxonomy":"product_brand","embeddable":true,"href":"https:\/\/bronpi.com\/pt-pt\/wp-json\/wp\/v2\/product_brand?post=7895"},{"taxonomy":"product_cat","embeddable":true,"href":"https:\/\/bronpi.com\/pt-pt\/wp-json\/wp\/v2\/product_cat?post=7895"},{"taxonomy":"product_tag","embeddable":true,"href":"https:\/\/bronpi.com\/pt-pt\/wp-json\/wp\/v2\/product_tag?post=7895"}],"curies":[{"name":"wp","href":"https:\/\/api.w.org\/{rel}","templated":true}]}}