{"id":7903,"date":"2025-07-30T11:33:04","date_gmt":"2025-07-30T09:33:04","guid":{"rendered":"https:\/\/bronpi.com\/product\/hybrid\/"},"modified":"2025-10-31T12:21:16","modified_gmt":"2025-10-31T11:21:16","slug":"hybrid","status":"publish","type":"product","link":"https:\/\/bronpi.com\/pt-pt\/produto\/hybrid\/","title":{"rendered":"HYBRID"},"content":{"rendered":"<p>&#8211; Inclui Sistema Confortek: Soft-Night, Auto e Manual-Smart.<br \/>\n&#8211; Possibilidade de igni\u00e7\u00e3o autom\u00e1tica da lenha.<br \/>\n&#8211; Inclui Tecnologia Oasys Plus.<br \/>\n&#8211; Puxador m\u00e3os frias.<br \/>\n&#8211; Inclui luva<\/p>\n<p>&nbsp;<\/p>\n<h1><strong>Elementos opcionais:<\/strong><\/h1>\n<p>&#8211; KIT WIFI 2: Kit Wifi para controle remoto.<\/p>\n","protected":false},"excerpt":{"rendered":"<p>Salamandra a lenha e pellet<\/p>\n","protected":false},"featured_media":4898,"template":"","meta":[],"product_brand":[],"product_cat":[166],"product_tag":[282,177],"class_list":{"0":"post-7903","1":"product","2":"type-product","3":"status-publish","4":"has-post-thumbnail","6":"product_cat-serie-hibrido-lena-pellet-pt-pt","7":"product_tag-hydro-pt-pt","8":"product_tag-novo-pt-pt","10":"first","11":"instock","12":"shipping-taxable","13":"product-type-simple"},"_links":{"self":[{"href":"https:\/\/bronpi.com\/pt-pt\/wp-json\/wp\/v2\/product\/7903","targetHints":{"allow":["GET"]}}],"collection":[{"href":"https:\/\/bronpi.com\/pt-pt\/wp-json\/wp\/v2\/product"}],"about":[{"href":"https:\/\/bronpi.com\/pt-pt\/wp-json\/wp\/v2\/types\/product"}],"wp:featuredmedia":[{"embeddable":true,"href":"https:\/\/bronpi.com\/pt-pt\/wp-json\/wp\/v2\/media\/4898"}],"wp:attachment":[{"href":"https:\/\/bronpi.com\/pt-pt\/wp-json\/wp\/v2\/media?parent=7903"}],"wp:term":[{"taxonomy":"product_brand","embeddable":true,"href":"https:\/\/bronpi.com\/pt-pt\/wp-json\/wp\/v2\/product_brand?post=7903"},{"taxonomy":"product_cat","embeddable":true,"href":"https:\/\/bronpi.com\/pt-pt\/wp-json\/wp\/v2\/product_cat?post=7903"},{"taxonomy":"product_tag","embeddable":true,"href":"https:\/\/bronpi.com\/pt-pt\/wp-json\/wp\/v2\/product_tag?post=7903"}],"curies":[{"name":"wp","href":"https:\/\/api.w.org\/{rel}","templated":true}]}}