{"id":7917,"date":"2025-07-30T09:21:51","date_gmt":"2025-07-30T07:21:51","guid":{"rendered":"https:\/\/bronpi.com\/product\/cairo-70-c-cairo-70-i\/"},"modified":"2025-10-24T11:26:25","modified_gmt":"2025-10-24T09:26:25","slug":"cairo-70-c-cairo-70-i","status":"publish","type":"product","link":"https:\/\/bronpi.com\/pt-pt\/produto\/cairo-70-c-cairo-70-i\/","title":{"rendered":"CAIRO-70-C\/ CAIRO-70-I"},"content":{"rendered":"<p>&#8211; Possibilidade de escolher o interior em vermiculita ou Firetek.<br \/>\n&#8211; Porta e grelha em fundi\u00e7\u00e3o.<br \/>\n&#8211; Vidro serigrafado preto.<br \/>\n&#8211; Inclui turbina de 270 m3\/h.<br \/>\n&#8211; Silencioso. Possibilidade de desconex\u00e3o total da turbina.<br \/>\n&#8211; Colar de sa\u00edda de fumos remov\u00edvel. Ideal para embutir em chamin\u00e9s de obra.<br \/>\n&#8211; Regula\u00e7\u00e3o do ar de combust\u00e3o prim\u00e1rio, secund\u00e1rio e da tripla<br \/>\ncombust\u00e3o.<br \/>\n&#8211; Sistema de Tripla Combust\u00e3o.<br \/>\n&#8211; Com possibilidade de canaliza\u00e7\u00e3o (inclui 2 sa\u00eddas para canalizar ar at\u00e9 3 metros e 2 colares de canaliza\u00e7\u00e3o).<br \/>\n&#8211; Inclui luva e spray de pintura.<\/p>\n<h1><strong>Elementos opcionais:<\/strong><\/h1>\n<p>&#8211; KIT-VER-70F: Interior em vermiculita.<\/p>\n<p>&#8211; KIT-FIR-70F: Interior em Firetek.<br \/>\n&#8211; MARCO4-CAIRO70: Moldura 4 lados de 4 cms. Inclui l\u00e2mina para orienta\u00e7\u00e3o de ar do ventilador.<\/p>\n<p>&#8211; MARCO3-CAIRO70: Moldura 3 lados de 4 cms. Inclui l\u00e2mina para orienta\u00e7\u00e3o de ar do ventilador.<\/p>\n<p>&#8211; KIT-AIR-5: : Kit com p\u00e9s regul\u00e1veis em altura e entrada de ar externo. Para converter em herm\u00e9tico.<\/p>\n","protected":false},"excerpt":{"rendered":"<p>Inser\u00edveis com turbina<\/p>\n","protected":false},"featured_media":4953,"template":"","meta":[],"product_brand":[],"product_cat":[171,167],"product_tag":[290,286,177],"class_list":{"0":"post-7917","1":"product","2":"type-product","3":"status-publish","4":"has-post-thumbnail","6":"product_cat-inseriveis-a-lenha-pt-pt","7":"product_cat-serie-lenha-pt-pt","8":"product_tag-ar-pt-pt","9":"product_tag-canalizable-pt-pt","10":"product_tag-novo-pt-pt","12":"first","13":"instock","14":"shipping-taxable","15":"product-type-simple"},"_links":{"self":[{"href":"https:\/\/bronpi.com\/pt-pt\/wp-json\/wp\/v2\/product\/7917","targetHints":{"allow":["GET"]}}],"collection":[{"href":"https:\/\/bronpi.com\/pt-pt\/wp-json\/wp\/v2\/product"}],"about":[{"href":"https:\/\/bronpi.com\/pt-pt\/wp-json\/wp\/v2\/types\/product"}],"wp:featuredmedia":[{"embeddable":true,"href":"https:\/\/bronpi.com\/pt-pt\/wp-json\/wp\/v2\/media\/4953"}],"wp:attachment":[{"href":"https:\/\/bronpi.com\/pt-pt\/wp-json\/wp\/v2\/media?parent=7917"}],"wp:term":[{"taxonomy":"product_brand","embeddable":true,"href":"https:\/\/bronpi.com\/pt-pt\/wp-json\/wp\/v2\/product_brand?post=7917"},{"taxonomy":"product_cat","embeddable":true,"href":"https:\/\/bronpi.com\/pt-pt\/wp-json\/wp\/v2\/product_cat?post=7917"},{"taxonomy":"product_tag","embeddable":true,"href":"https:\/\/bronpi.com\/pt-pt\/wp-json\/wp\/v2\/product_tag?post=7917"}],"curies":[{"name":"wp","href":"https:\/\/api.w.org\/{rel}","templated":true}]}}