{"id":7931,"date":"2025-07-30T12:50:25","date_gmt":"2025-07-30T10:50:25","guid":{"rendered":"https:\/\/bronpi.com\/product\/cairo-80-c-cairo-80-i\/"},"modified":"2026-03-11T10:44:48","modified_gmt":"2026-03-11T09:44:48","slug":"cairo-80-c-cairo-80-i","status":"publish","type":"product","link":"https:\/\/bronpi.com\/pt-pt\/produto\/cairo-80-c-cairo-80-i\/","title":{"rendered":"CAIRO-80-C\/ CAIRO-80-I"},"content":{"rendered":"<ul>\n<li>Possibilidade de escolher o interior em vermiculita ou Firetek.<\/li>\n<li>Porta e grelha em fundi\u00e7\u00e3o.<\/li>\n<li>Vidro serigrafado preto.<\/li>\n<li>Inclui turbina de 335 m3\/h.<\/li>\n<li>Silencioso. Possibilidade de desconex\u00e3o total da turbina.<\/li>\n<li>Colar de sa\u00edda de fumos remov\u00edvel. Ideal para embutir em chamin\u00e9s de obra.<\/li>\n<li>Regula\u00e7\u00e3o do ar de combust\u00e3o prim\u00e1rio, secund\u00e1rio e da tripla combust\u00e3o.<\/li>\n<li>Sistema de Tripla Combust\u00e3o.<\/li>\n<li>Com possibilidade de canaliza\u00e7\u00e3o (inclui 2 sa\u00eddas para canalizar ar at\u00e9 3 metros e 2 colares de canaliza\u00e7\u00e3o).<\/li>\n<li>Inclui luva e spray de pintura.<\/li>\n<\/ul>\n<h1><strong>Elementos opcionais:<\/strong><\/h1>\n<ul>\n<li>KIT-VER-80F: Interior em vermiculita.<\/li>\n<li>KIT-FIR-80F: Interior em Firetek.<\/li>\n<li>MARCO4-CAIRO80:Moldura 4 lados de 4 cms. Inclui l\u00e2mina para orienta\u00e7\u00e3o de ar do ventilador.<\/li>\n<li>MARCO3-CAIRO80:Moldura 3 lados de 4 cms. Inclui l\u00e2mina para orienta\u00e7\u00e3o de ar do ventilador.<\/li>\n<li>KIT-AIR-5: Kit com p\u00e9s regul\u00e1veis em altura e entrada de ar externo. Para converter em herm\u00e9tico.<\/li>\n<\/ul>\n","protected":false},"excerpt":{"rendered":"<p>Inser\u00edveis com turbina<\/p>\n","protected":false},"featured_media":4958,"template":"","meta":[],"product_brand":[],"product_cat":[171,167],"product_tag":[290,286,177],"class_list":{"0":"post-7931","1":"product","2":"type-product","3":"status-publish","4":"has-post-thumbnail","6":"product_cat-inseriveis-a-lenha-pt-pt","7":"product_cat-serie-lenha-pt-pt","8":"product_tag-ar-pt-pt","9":"product_tag-canalizable-pt-pt","10":"product_tag-novo-pt-pt","12":"first","13":"instock","14":"shipping-taxable","15":"product-type-simple"},"_links":{"self":[{"href":"https:\/\/bronpi.com\/pt-pt\/wp-json\/wp\/v2\/product\/7931","targetHints":{"allow":["GET"]}}],"collection":[{"href":"https:\/\/bronpi.com\/pt-pt\/wp-json\/wp\/v2\/product"}],"about":[{"href":"https:\/\/bronpi.com\/pt-pt\/wp-json\/wp\/v2\/types\/product"}],"wp:featuredmedia":[{"embeddable":true,"href":"https:\/\/bronpi.com\/pt-pt\/wp-json\/wp\/v2\/media\/4958"}],"wp:attachment":[{"href":"https:\/\/bronpi.com\/pt-pt\/wp-json\/wp\/v2\/media?parent=7931"}],"wp:term":[{"taxonomy":"product_brand","embeddable":true,"href":"https:\/\/bronpi.com\/pt-pt\/wp-json\/wp\/v2\/product_brand?post=7931"},{"taxonomy":"product_cat","embeddable":true,"href":"https:\/\/bronpi.com\/pt-pt\/wp-json\/wp\/v2\/product_cat?post=7931"},{"taxonomy":"product_tag","embeddable":true,"href":"https:\/\/bronpi.com\/pt-pt\/wp-json\/wp\/v2\/product_tag?post=7931"}],"curies":[{"name":"wp","href":"https:\/\/api.w.org\/{rel}","templated":true}]}}