{"id":7959,"date":"2025-07-30T14:04:34","date_gmt":"2025-07-30T12:04:34","guid":{"rendered":"https:\/\/bronpi.com\/product\/cairo-110\/"},"modified":"2026-03-16T17:59:50","modified_gmt":"2026-03-16T16:59:50","slug":"cairo-110","status":"publish","type":"product","link":"https:\/\/bronpi.com\/pt-pt\/produto\/cairo-110\/","title":{"rendered":"CAIRO-110"},"content":{"rendered":"<ul>\n<li>Modelo herm\u00e9tico. Inclui entrada de ar externo.<\/li>\n<li>Silencioso. Possibilidade de desconex\u00e3o total da turbina.<\/li>\n<li>Porta e grelha em fundi\u00e7\u00e3o.<\/li>\n<li>Vidro serigrafado preto.<\/li>\n<li>Possibilidade de escolher o interior em vermiculita ou Firetek.<\/li>\n<li>Regula\u00e7\u00e3o do ar de combust\u00e3o prim\u00e1rio, secund\u00e1rio e da tripla combust\u00e3o.<\/li>\n<li>Sistema de Tripla Combust\u00e3o.<\/li>\n<li>Inclui p\u00e9s regul\u00e1veis em altura.<\/li>\n<li>Com possibilidade de canaliza\u00e7\u00e3o (inclui sa\u00eddas microperfuradas para canalizar ar at\u00e9 7 metros e 2 colares de canaliza\u00e7\u00e3o).<\/li>\n<li>Regula\u00e7\u00e3o do ar frontal, com possibilidade de fechar e aumentar o fluxo de canaliza\u00e7\u00e3o.<\/li>\n<li>Inclui moldura de s\u00e9rie.<\/li>\n<li>Inclui luva e spray de pintura.<\/li>\n<\/ul>\n<h1><strong>Elementos opcionais:<\/strong><\/h1>\n<ul>\n<li>KIT AIRE CAIRO Turbina + centralina com tela.<br \/>\nDupla: 2 turbinas de 450 m<sup>3<\/sup>\/h.<br \/>\nFrontal e canto: 1 turbina de 550 m<sup>3<\/sup>\/h.<\/li>\n<li>KIT VERMICULITA<br \/>\nKIT FIRETEK<\/li>\n<\/ul>\n","protected":false},"excerpt":{"rendered":"<p>Inser\u00edveis panor\u00e2micos -110 cm-<\/p>\n","protected":false},"featured_media":5130,"template":"","meta":[],"product_brand":[],"product_cat":[171,167],"product_tag":[290,286],"class_list":{"0":"post-7959","1":"product","2":"type-product","3":"status-publish","4":"has-post-thumbnail","6":"product_cat-inseriveis-a-lenha-pt-pt","7":"product_cat-serie-lenha-pt-pt","8":"product_tag-ar-pt-pt","9":"product_tag-canalizable-pt-pt","11":"first","12":"instock","13":"shipping-taxable","14":"product-type-simple"},"_links":{"self":[{"href":"https:\/\/bronpi.com\/pt-pt\/wp-json\/wp\/v2\/product\/7959","targetHints":{"allow":["GET"]}}],"collection":[{"href":"https:\/\/bronpi.com\/pt-pt\/wp-json\/wp\/v2\/product"}],"about":[{"href":"https:\/\/bronpi.com\/pt-pt\/wp-json\/wp\/v2\/types\/product"}],"wp:featuredmedia":[{"embeddable":true,"href":"https:\/\/bronpi.com\/pt-pt\/wp-json\/wp\/v2\/media\/5130"}],"wp:attachment":[{"href":"https:\/\/bronpi.com\/pt-pt\/wp-json\/wp\/v2\/media?parent=7959"}],"wp:term":[{"taxonomy":"product_brand","embeddable":true,"href":"https:\/\/bronpi.com\/pt-pt\/wp-json\/wp\/v2\/product_brand?post=7959"},{"taxonomy":"product_cat","embeddable":true,"href":"https:\/\/bronpi.com\/pt-pt\/wp-json\/wp\/v2\/product_cat?post=7959"},{"taxonomy":"product_tag","embeddable":true,"href":"https:\/\/bronpi.com\/pt-pt\/wp-json\/wp\/v2\/product_tag?post=7959"}],"curies":[{"name":"wp","href":"https:\/\/api.w.org\/{rel}","templated":true}]}}