{"id":8060,"date":"2025-07-30T14:45:17","date_gmt":"2025-07-30T12:45:17","guid":{"rendered":"https:\/\/bronpi.com\/product\/cairo-110d\/"},"modified":"2025-10-21T08:39:17","modified_gmt":"2025-10-21T06:39:17","slug":"cairo-110d","status":"publish","type":"product","link":"https:\/\/bronpi.com\/pt-pt\/produto\/cairo-110d\/","title":{"rendered":"CAIRO-110D"},"content":{"rendered":"<p>&#8211; Modelo herm\u00e9tico. Inclui entrada de ar externo.<br \/>\n&#8211; Silencioso. Possibilidade de desconex\u00e3o total da turbina.<br \/>\n&#8211; Porta e grelha em fundi\u00e7\u00e3o.<br \/>\n&#8211; Vidro serigrafado preto.<br \/>\n&#8211; Possibilidade de escolher o interior em vermiculita ou Firetek.<br \/>\n&#8211; Regula\u00e7\u00e3o do ar de combust\u00e3o prim\u00e1rio e secund\u00e1rio.<br \/>\n&#8211; Sistema de Dupla Combust\u00e3o.<br \/>\n&#8211; Inclui p\u00e9s regul\u00e1veis em altura.<br \/>\n&#8211; Com possibilidade de canaliza\u00e7\u00e3o (inclui sa\u00eddas microperfuradas para canalizar ar at\u00e9 7 metros e 2 colares de canaliza\u00e7\u00e3o).<br \/>\n&#8211; Regula\u00e7\u00e3o do ar frontal, com possibilidade de fechar e aumentar o fluxo de canaliza\u00e7\u00e3o.<br \/>\n&#8211; Inclui moldura de s\u00e9rie.<br \/>\n&#8211; Inclui luva e spray de pintura.<\/p>\n<h1><strong>Elementos opcionais:<\/strong><\/h1>\n<p>&#8211; KIT AIRE CAIRO Turbina + centralina com tela.<br \/>\nDupla: 2 turbinas de 450 m3\/h.<br \/>\nFrontal e canto: 1 turbina de 550 m3\/h.<\/p>\n<p>&#8211; KIT VERMICULITA<br \/>\n&#8211; KIT FIRETEK<\/p>\n","protected":false},"excerpt":{"rendered":"<p>Inser\u00edvel panor\u00e2mico dupla face -110 cm-<\/p>\n","protected":false},"featured_media":5179,"template":"","meta":[],"product_brand":[],"product_cat":[171,167],"product_tag":[290,286],"class_list":{"0":"post-8060","1":"product","2":"type-product","3":"status-publish","4":"has-post-thumbnail","6":"product_cat-inseriveis-a-lenha-pt-pt","7":"product_cat-serie-lenha-pt-pt","8":"product_tag-ar-pt-pt","9":"product_tag-canalizable-pt-pt","11":"first","12":"instock","13":"shipping-taxable","14":"product-type-simple"},"_links":{"self":[{"href":"https:\/\/bronpi.com\/pt-pt\/wp-json\/wp\/v2\/product\/8060","targetHints":{"allow":["GET"]}}],"collection":[{"href":"https:\/\/bronpi.com\/pt-pt\/wp-json\/wp\/v2\/product"}],"about":[{"href":"https:\/\/bronpi.com\/pt-pt\/wp-json\/wp\/v2\/types\/product"}],"wp:featuredmedia":[{"embeddable":true,"href":"https:\/\/bronpi.com\/pt-pt\/wp-json\/wp\/v2\/media\/5179"}],"wp:attachment":[{"href":"https:\/\/bronpi.com\/pt-pt\/wp-json\/wp\/v2\/media?parent=8060"}],"wp:term":[{"taxonomy":"product_brand","embeddable":true,"href":"https:\/\/bronpi.com\/pt-pt\/wp-json\/wp\/v2\/product_brand?post=8060"},{"taxonomy":"product_cat","embeddable":true,"href":"https:\/\/bronpi.com\/pt-pt\/wp-json\/wp\/v2\/product_cat?post=8060"},{"taxonomy":"product_tag","embeddable":true,"href":"https:\/\/bronpi.com\/pt-pt\/wp-json\/wp\/v2\/product_tag?post=8060"}],"curies":[{"name":"wp","href":"https:\/\/api.w.org\/{rel}","templated":true}]}}