{"id":8074,"date":"2025-03-03T11:37:35","date_gmt":"2025-03-03T10:37:35","guid":{"rendered":"https:\/\/bronpi.com\/product\/paris-55-paris-55-vision\/"},"modified":"2026-03-17T17:51:00","modified_gmt":"2026-03-17T16:51:00","slug":"paris-55-paris-55-vision","status":"publish","type":"product","link":"https:\/\/bronpi.com\/pt-pt\/produto\/paris-55-paris-55-vision\/","title":{"rendered":"PARIS-55\/ PARIS-55 VISION"},"content":{"rendered":"<ul>\n<li>Porta, interior e grelha em fundi\u00e7\u00e3o.<\/li>\n<li>Regula\u00e7\u00e3o do ar de combust\u00e3o prim\u00e1rio e secund\u00e1rio.<\/li>\n<li>Sistema de Tripla Combust\u00e3o.<\/li>\n<li>Inclui turbina com interruptor de 2 velocidades.<\/li>\n<li>Silencioso. Possibilidade de desconex\u00e3o total da turbina.<\/li>\n<li>Regula\u00e7\u00e3o do ar frontal, com possibilidade de fechar e aumentar o fluxo de canaliza\u00e7\u00e3o.<\/li>\n<li>Com possibilidade de canaliza\u00e7\u00e3o (inclui 2 sa\u00eddas microperfuradas para canaliza\u00e7\u00e3o de ar at\u00e9 3 metros, inclui colares de canaliza\u00e7\u00e3o).<\/li>\n<li>Inclui grelha de assados remov\u00edvel, girat\u00f3ria e regul\u00e1vel em v\u00e1rias alturas.<\/li>\n<li>Inclui p\u00e9s regul\u00e1veis em altura.<\/li>\n<li>Inclui moldura de s\u00e9rie.<\/li>\n<li>Inclui luva e spray de pintura.<\/li>\n<\/ul>\n<p>&nbsp;<\/p>\n<h1><strong>Elementos opcionais:<\/strong><\/h1>\n<ul>\n<li>KIT-AIR-2: Kit com entrada de ar externo. Para converter em herm\u00e9tico.<\/li>\n<\/ul>\n<p>&nbsp;<\/p>\n","protected":false},"excerpt":{"rendered":"<p>Inser\u00edvel frontal -55 cm- com turbina e interior em fundi\u00e7\u00e3o<\/p>\n","protected":false},"featured_media":5417,"template":"","meta":[],"product_brand":[],"product_cat":[171,167],"product_tag":[290,286],"class_list":{"0":"post-8074","1":"product","2":"type-product","3":"status-publish","4":"has-post-thumbnail","6":"product_cat-inseriveis-a-lenha-pt-pt","7":"product_cat-serie-lenha-pt-pt","8":"product_tag-ar-pt-pt","9":"product_tag-canalizable-pt-pt","11":"first","12":"instock","13":"shipping-taxable","14":"product-type-simple"},"_links":{"self":[{"href":"https:\/\/bronpi.com\/pt-pt\/wp-json\/wp\/v2\/product\/8074","targetHints":{"allow":["GET"]}}],"collection":[{"href":"https:\/\/bronpi.com\/pt-pt\/wp-json\/wp\/v2\/product"}],"about":[{"href":"https:\/\/bronpi.com\/pt-pt\/wp-json\/wp\/v2\/types\/product"}],"wp:featuredmedia":[{"embeddable":true,"href":"https:\/\/bronpi.com\/pt-pt\/wp-json\/wp\/v2\/media\/5417"}],"wp:attachment":[{"href":"https:\/\/bronpi.com\/pt-pt\/wp-json\/wp\/v2\/media?parent=8074"}],"wp:term":[{"taxonomy":"product_brand","embeddable":true,"href":"https:\/\/bronpi.com\/pt-pt\/wp-json\/wp\/v2\/product_brand?post=8074"},{"taxonomy":"product_cat","embeddable":true,"href":"https:\/\/bronpi.com\/pt-pt\/wp-json\/wp\/v2\/product_cat?post=8074"},{"taxonomy":"product_tag","embeddable":true,"href":"https:\/\/bronpi.com\/pt-pt\/wp-json\/wp\/v2\/product_tag?post=8074"}],"curies":[{"name":"wp","href":"https:\/\/api.w.org\/{rel}","templated":true}]}}