{"id":8158,"date":"2025-07-31T10:27:49","date_gmt":"2025-07-31T08:27:49","guid":{"rendered":"https:\/\/bronpi.com\/product\/paris-90-3c-paris-90-3c-vision\/"},"modified":"2025-10-24T16:52:28","modified_gmt":"2025-10-24T14:52:28","slug":"paris-90-3c-paris-90-3c-vision","status":"publish","type":"product","link":"https:\/\/bronpi.com\/pt-pt\/produto\/paris-90-3c-paris-90-3c-vision\/","title":{"rendered":"PARIS-90-3C\/ PARIS-90-3C VISION"},"content":{"rendered":"<p>&#8211; Porta, interior e grelha em fundi\u00e7\u00e3o.<br \/>\n&#8211; Regula\u00e7\u00e3o do ar de combust\u00e3o prim\u00e1rio e secund\u00e1rio.<br \/>\n&#8211; Sistema de Tripla Combust\u00e3o.<br \/>\n&#8211; Inclui turbina com interruptor de 2 velocidades.<br \/>\n&#8211; Silencioso. Possibilidade de desconex\u00e3o total da turbina.<br \/>\n&#8211; Regula\u00e7\u00e3o do ar frontal, com possibilidade de fechar e aumentar o fluxo de canaliza\u00e7\u00e3o.<br \/>\n&#8211; Com possibilidade de canaliza\u00e7\u00e3o (inclui 2 sa\u00eddas microperfuradas para canaliza\u00e7\u00e3o de ar at\u00e9 3 metros, inclui colares de canaliza\u00e7\u00e3o).<br \/>\n&#8211; Inclui grelha de assados remov\u00edvel, girat\u00f3ria e regul\u00e1vel em v\u00e1rias alturas.<br \/>\n&#8211; Inclui p\u00e9s regul\u00e1veis em altura.<br \/>\n&#8211; Inclui moldura de s\u00e9rie.<br \/>\n&#8211; Inclui luva e spray de pintura.<\/p>\n<p>&nbsp;<\/p>\n<h1><strong>Elementos opcionais:<\/strong><\/h1>\n<p>&nbsp;<\/p>\n<p>&#8211; KIT-AIR-2: Kit com entrada de ar externo. Para converter em herm\u00e9tico.<\/p>\n<p>&nbsp;<\/p>\n","protected":false},"excerpt":{"rendered":"<p>Inser\u00edvel 3 vidros -90 cm- com turbina e interior em fundi\u00e7\u00e3o<\/p>\n","protected":false},"featured_media":5552,"template":"","meta":[],"product_brand":[],"product_cat":[171,167],"product_tag":[290,286],"class_list":{"0":"post-8158","1":"product","2":"type-product","3":"status-publish","4":"has-post-thumbnail","6":"product_cat-inseriveis-a-lenha-pt-pt","7":"product_cat-serie-lenha-pt-pt","8":"product_tag-ar-pt-pt","9":"product_tag-canalizable-pt-pt","11":"first","12":"instock","13":"shipping-taxable","14":"product-type-simple"},"_links":{"self":[{"href":"https:\/\/bronpi.com\/pt-pt\/wp-json\/wp\/v2\/product\/8158","targetHints":{"allow":["GET"]}}],"collection":[{"href":"https:\/\/bronpi.com\/pt-pt\/wp-json\/wp\/v2\/product"}],"about":[{"href":"https:\/\/bronpi.com\/pt-pt\/wp-json\/wp\/v2\/types\/product"}],"wp:featuredmedia":[{"embeddable":true,"href":"https:\/\/bronpi.com\/pt-pt\/wp-json\/wp\/v2\/media\/5552"}],"wp:attachment":[{"href":"https:\/\/bronpi.com\/pt-pt\/wp-json\/wp\/v2\/media?parent=8158"}],"wp:term":[{"taxonomy":"product_brand","embeddable":true,"href":"https:\/\/bronpi.com\/pt-pt\/wp-json\/wp\/v2\/product_brand?post=8158"},{"taxonomy":"product_cat","embeddable":true,"href":"https:\/\/bronpi.com\/pt-pt\/wp-json\/wp\/v2\/product_cat?post=8158"},{"taxonomy":"product_tag","embeddable":true,"href":"https:\/\/bronpi.com\/pt-pt\/wp-json\/wp\/v2\/product_tag?post=8158"}],"curies":[{"name":"wp","href":"https:\/\/api.w.org\/{rel}","templated":true}]}}