{"id":8172,"date":"2025-07-29T14:37:44","date_gmt":"2025-07-29T12:37:44","guid":{"rendered":"https:\/\/bronpi.com\/product\/paris-90-v-guilhotina\/"},"modified":"2026-03-20T10:27:08","modified_gmt":"2026-03-20T09:27:08","slug":"paris-90-v-guilhotina","status":"publish","type":"product","link":"https:\/\/bronpi.com\/pt-pt\/produto\/paris-90-v-guilhotina\/","title":{"rendered":"PARIS 90 V GUILHOTINA"},"content":{"rendered":"<ul>\n<li>Porta, interior e grelha em fundi\u00e7\u00e3o.<\/li>\n<li>Regula\u00e7\u00e3o do ar de combust\u00e3o prim\u00e1rio e secund\u00e1rio.<\/li>\n<li>Sistema de Tripla Combust\u00e3o.<\/li>\n<li>Inclui turbina com interruptor de 2 velocidades.<\/li>\n<li>Silencioso. Possibilidade de desconex\u00e3o total da turbina.<\/li>\n<li>Vidro serigrafado preto.<\/li>\n<li>Com possibilidade de canaliza\u00e7\u00e3o (inclui 2 sa\u00eddas microperfuradas para canaliza\u00e7\u00e3o de ar at\u00e9 3 metros, inclui colares de canaliza\u00e7\u00e3o).<\/li>\n<li>Inclui grelha de assados remov\u00edvel, girat\u00f3ria e regul\u00e1vel em v\u00e1rias alturas.<\/li>\n<li>Inclui p\u00e9s regul\u00e1veis em altura.<\/li>\n<li>Inclui moldura de quatro faces de s\u00e9rie.<\/li>\n<li>Inclui luva e spray de pintura.<\/li>\n<\/ul>\n<h1><strong>Elementos opcionais:<\/strong><\/h1>\n<ul>\n<li>KIT-AIR-2: Kit com entrada de ar externo. Para converter em herm\u00e9tico.<\/li>\n<\/ul>\n","protected":false},"excerpt":{"rendered":"<p>Inser\u00edvel com turbina e porta guilhotina<\/p>\n","protected":false},"featured_media":4510,"template":"","meta":[],"product_brand":[],"product_cat":[171,167],"product_tag":[290,286],"class_list":{"0":"post-8172","1":"product","2":"type-product","3":"status-publish","4":"has-post-thumbnail","6":"product_cat-inseriveis-a-lenha-pt-pt","7":"product_cat-serie-lenha-pt-pt","8":"product_tag-ar-pt-pt","9":"product_tag-canalizable-pt-pt","11":"first","12":"instock","13":"shipping-taxable","14":"product-type-simple"},"_links":{"self":[{"href":"https:\/\/bronpi.com\/pt-pt\/wp-json\/wp\/v2\/product\/8172","targetHints":{"allow":["GET"]}}],"collection":[{"href":"https:\/\/bronpi.com\/pt-pt\/wp-json\/wp\/v2\/product"}],"about":[{"href":"https:\/\/bronpi.com\/pt-pt\/wp-json\/wp\/v2\/types\/product"}],"wp:featuredmedia":[{"embeddable":true,"href":"https:\/\/bronpi.com\/pt-pt\/wp-json\/wp\/v2\/media\/4510"}],"wp:attachment":[{"href":"https:\/\/bronpi.com\/pt-pt\/wp-json\/wp\/v2\/media?parent=8172"}],"wp:term":[{"taxonomy":"product_brand","embeddable":true,"href":"https:\/\/bronpi.com\/pt-pt\/wp-json\/wp\/v2\/product_brand?post=8172"},{"taxonomy":"product_cat","embeddable":true,"href":"https:\/\/bronpi.com\/pt-pt\/wp-json\/wp\/v2\/product_cat?post=8172"},{"taxonomy":"product_tag","embeddable":true,"href":"https:\/\/bronpi.com\/pt-pt\/wp-json\/wp\/v2\/product_tag?post=8172"}],"curies":[{"name":"wp","href":"https:\/\/api.w.org\/{rel}","templated":true}]}}