{"id":8200,"date":"2025-07-31T08:32:29","date_gmt":"2025-07-31T06:32:29","guid":{"rendered":"https:\/\/bronpi.com\/product\/londres-t-londres-t-vision\/"},"modified":"2026-03-20T12:25:15","modified_gmt":"2026-03-20T11:25:15","slug":"londres-t-londres-t-vision","status":"publish","type":"product","link":"https:\/\/bronpi.com\/pt-pt\/produto\/londres-t-londres-t-vision\/","title":{"rendered":"LONDRES-T\/ LONDRES-T-VISION"},"content":{"rendered":"<ul>\n<li>Porta e grelha em fundi\u00e7\u00e3o.<\/li>\n<li>Interior em vermiculita.<\/li>\n<li>Regula\u00e7\u00e3o do ar de combust\u00e3o prim\u00e1rio e secund\u00e1rio.<\/li>\n<li>Sistema de Tripla Combust\u00e3o.<\/li>\n<li>Com possibilidade de canaliza\u00e7\u00e3o (inclui 4 sa\u00eddas microperfuradas para canaliza\u00e7\u00e3o do ar at\u00e9 8 metros).<\/li>\n<li>4 colares de canaliza\u00e7\u00e3o inclu\u00eddos.<\/li>\n<li>P\u00e9s regul\u00e1veis em altura incluidos.<\/li>\n<li>Inclui moldura a 4 caras de s\u00e9rie.<\/li>\n<li>Inclui luva e spray de pintura.<\/li>\n<\/ul>\n","protected":false},"excerpt":{"rendered":"<p>Inser\u00edvel panor\u00e2mico com turbina<\/p>\n","protected":false},"featured_media":5359,"template":"","meta":[],"product_brand":[],"product_cat":[171,167],"product_tag":[290,286],"class_list":{"0":"post-8200","1":"product","2":"type-product","3":"status-publish","4":"has-post-thumbnail","6":"product_cat-inseriveis-a-lenha-pt-pt","7":"product_cat-serie-lenha-pt-pt","8":"product_tag-ar-pt-pt","9":"product_tag-canalizable-pt-pt","11":"first","12":"instock","13":"shipping-taxable","14":"product-type-simple"},"_links":{"self":[{"href":"https:\/\/bronpi.com\/pt-pt\/wp-json\/wp\/v2\/product\/8200","targetHints":{"allow":["GET"]}}],"collection":[{"href":"https:\/\/bronpi.com\/pt-pt\/wp-json\/wp\/v2\/product"}],"about":[{"href":"https:\/\/bronpi.com\/pt-pt\/wp-json\/wp\/v2\/types\/product"}],"wp:featuredmedia":[{"embeddable":true,"href":"https:\/\/bronpi.com\/pt-pt\/wp-json\/wp\/v2\/media\/5359"}],"wp:attachment":[{"href":"https:\/\/bronpi.com\/pt-pt\/wp-json\/wp\/v2\/media?parent=8200"}],"wp:term":[{"taxonomy":"product_brand","embeddable":true,"href":"https:\/\/bronpi.com\/pt-pt\/wp-json\/wp\/v2\/product_brand?post=8200"},{"taxonomy":"product_cat","embeddable":true,"href":"https:\/\/bronpi.com\/pt-pt\/wp-json\/wp\/v2\/product_cat?post=8200"},{"taxonomy":"product_tag","embeddable":true,"href":"https:\/\/bronpi.com\/pt-pt\/wp-json\/wp\/v2\/product_tag?post=8200"}],"curies":[{"name":"wp","href":"https:\/\/api.w.org\/{rel}","templated":true}]}}