{"id":8225,"date":"2025-07-30T13:02:59","date_gmt":"2025-07-30T11:02:59","guid":{"rendered":"https:\/\/bronpi.com\/product\/rioja-rioja-vision\/"},"modified":"2026-03-23T16:22:09","modified_gmt":"2026-03-23T15:22:09","slug":"rioja-rioja-vision","status":"publish","type":"product","link":"https:\/\/bronpi.com\/pt-pt\/produto\/rioja-rioja-vision\/","title":{"rendered":"RIOJA\/ RIOJA VISION"},"content":{"rendered":"<ul>\n<li>Porta e grelha em fundi\u00e7\u00e3o.<\/li>\n<li>Interior em vermiculita.<\/li>\n<li>Inclui 2 turbinas com interruptor de 2 velocidades e termostato.<\/li>\n<li>Com possibilidade de canaliza\u00e7\u00e3o (inclui 2 sa\u00eddas microperfuradas de canaliza\u00e7\u00e3o e 2 colares de canaliza\u00e7\u00e3o).<\/li>\n<li>Regula\u00e7\u00e3o do ar de combust\u00e3o prim\u00e1rio e secund\u00e1rio.<\/li>\n<li>Sistema de Dupla Combust\u00e3o.<\/li>\n<li>Colar de sa\u00edda de fumos remov\u00edvel. Ideal para embutir em chamin\u00e9s de obra.<\/li>\n<li>Inclui grelha de assados remov\u00edvel, girat\u00f3ria e regul\u00e1vel em altura.<\/li>\n<li>Inclui moldura a 3 caras de s\u00e9rie.<\/li>\n<li>Inclui luva e spray de pintura.<\/li>\n<\/ul>\n<h1><strong>Elementos opcionais:<\/strong><\/h1>\n<ul>\n<li>KIT-MARCO4: Perfil inferior da moldura para converter a 4 lados.<\/li>\n<li>MARCO4-RC: Moldura a 4 lados de 5 cms.<\/li>\n<\/ul>\n","protected":false},"excerpt":{"rendered":"<p>Inser\u00edveis de medidas reduzidas<\/p>\n","protected":false},"featured_media":5067,"template":"","meta":[],"product_brand":[],"product_cat":[171,167],"product_tag":[290,286,177],"class_list":{"0":"post-8225","1":"product","2":"type-product","3":"status-publish","4":"has-post-thumbnail","6":"product_cat-inseriveis-a-lenha-pt-pt","7":"product_cat-serie-lenha-pt-pt","8":"product_tag-ar-pt-pt","9":"product_tag-canalizable-pt-pt","10":"product_tag-novo-pt-pt","12":"first","13":"instock","14":"shipping-taxable","15":"product-type-simple"},"_links":{"self":[{"href":"https:\/\/bronpi.com\/pt-pt\/wp-json\/wp\/v2\/product\/8225","targetHints":{"allow":["GET"]}}],"collection":[{"href":"https:\/\/bronpi.com\/pt-pt\/wp-json\/wp\/v2\/product"}],"about":[{"href":"https:\/\/bronpi.com\/pt-pt\/wp-json\/wp\/v2\/types\/product"}],"wp:featuredmedia":[{"embeddable":true,"href":"https:\/\/bronpi.com\/pt-pt\/wp-json\/wp\/v2\/media\/5067"}],"wp:attachment":[{"href":"https:\/\/bronpi.com\/pt-pt\/wp-json\/wp\/v2\/media?parent=8225"}],"wp:term":[{"taxonomy":"product_brand","embeddable":true,"href":"https:\/\/bronpi.com\/pt-pt\/wp-json\/wp\/v2\/product_brand?post=8225"},{"taxonomy":"product_cat","embeddable":true,"href":"https:\/\/bronpi.com\/pt-pt\/wp-json\/wp\/v2\/product_cat?post=8225"},{"taxonomy":"product_tag","embeddable":true,"href":"https:\/\/bronpi.com\/pt-pt\/wp-json\/wp\/v2\/product_tag?post=8225"}],"curies":[{"name":"wp","href":"https:\/\/api.w.org\/{rel}","templated":true}]}}