{"id":8312,"date":"2025-07-29T10:58:11","date_gmt":"2025-07-29T08:58:11","guid":{"rendered":"https:\/\/bronpi.com\/product\/murano\/"},"modified":"2025-10-27T10:25:27","modified_gmt":"2025-10-27T09:25:27","slug":"murano","status":"publish","type":"product","link":"https:\/\/bronpi.com\/pt-pt\/produto\/murano\/","title":{"rendered":"MURANO"},"content":{"rendered":"<p>&#8211; Portas e grelha em fundi\u00e7\u00e3o.<\/p>\n<p>&#8211; Interior em vermiculita.<\/p>\n<p>&#8211; Regula\u00e7\u00e3o do ar de combust\u00e3o prim\u00e1rio e secund\u00e1rio.<\/p>\n<p>&#8211; Sistema de Tripla Combust\u00e3o.<\/p>\n<p>&#8211; Sistema Envolvente Forno.<\/p>\n<p>&#8211; Inclui grelha de assados remov\u00edvel, girat\u00f3ria e regul\u00e1vel em v\u00e1rias alturas.<\/p>\n<p>&#8211; Inclui bandeja inoxid\u00e1vel de 595&#215;377 mm e grelha para o forno de 597&#215;372 mm.<\/p>\n<p>&#8211; Guias remov\u00edvels para facilitar a limpeza.<\/p>\n<p>&#8211; Forno com tijolo refrat\u00e1rio e term\u00f4metro de 500\u00baC para controlar a temperatura.<\/p>\n<p>&#8211; Inclui luva e spray de pintura.<\/p>\n<h1>Elementos opcionais:<\/h1>\n<p>&#8211; KIT-AIR-12: Kit com entrada de ar externo. Para converter em herm\u00e9tico.<\/p>\n<p>&#8211; KIT-INOX-2: Kit com revestimento interior para o forno em a\u00e7o inoxid\u00e1vel.<\/p>\n<p>&nbsp;<\/p>\n","protected":false},"excerpt":{"rendered":"<p>Forno frontal<\/p>\n","protected":false},"featured_media":4049,"template":"","meta":[],"product_brand":[],"product_cat":[169,167],"product_tag":[290],"class_list":{"0":"post-8312","1":"product","2":"type-product","3":"status-publish","4":"has-post-thumbnail","6":"product_cat-fornos-a-lenha-pt-pt","7":"product_cat-serie-lenha-pt-pt","8":"product_tag-ar-pt-pt","10":"first","11":"instock","12":"shipping-taxable","13":"product-type-simple"},"_links":{"self":[{"href":"https:\/\/bronpi.com\/pt-pt\/wp-json\/wp\/v2\/product\/8312","targetHints":{"allow":["GET"]}}],"collection":[{"href":"https:\/\/bronpi.com\/pt-pt\/wp-json\/wp\/v2\/product"}],"about":[{"href":"https:\/\/bronpi.com\/pt-pt\/wp-json\/wp\/v2\/types\/product"}],"wp:featuredmedia":[{"embeddable":true,"href":"https:\/\/bronpi.com\/pt-pt\/wp-json\/wp\/v2\/media\/4049"}],"wp:attachment":[{"href":"https:\/\/bronpi.com\/pt-pt\/wp-json\/wp\/v2\/media?parent=8312"}],"wp:term":[{"taxonomy":"product_brand","embeddable":true,"href":"https:\/\/bronpi.com\/pt-pt\/wp-json\/wp\/v2\/product_brand?post=8312"},{"taxonomy":"product_cat","embeddable":true,"href":"https:\/\/bronpi.com\/pt-pt\/wp-json\/wp\/v2\/product_cat?post=8312"},{"taxonomy":"product_tag","embeddable":true,"href":"https:\/\/bronpi.com\/pt-pt\/wp-json\/wp\/v2\/product_tag?post=8312"}],"curies":[{"name":"wp","href":"https:\/\/api.w.org\/{rel}","templated":true}]}}