{"id":8368,"date":"2025-03-03T11:37:36","date_gmt":"2025-03-03T10:37:36","guid":{"rendered":"https:\/\/bronpi.com\/product\/denver-denver-vision\/"},"modified":"2026-03-23T10:39:15","modified_gmt":"2026-03-23T09:39:15","slug":"denver-denver-vision","status":"publish","type":"product","link":"https:\/\/bronpi.com\/pt-pt\/produto\/denver-denver-vision\/","title":{"rendered":"DENVER\/ DENVER VISION"},"content":{"rendered":"<ul>\n<li>Grelha em fundi\u00e7\u00e3o.<\/li>\n<li>Interior em vermiculita.<\/li>\n<li>Regula\u00e7\u00e3o do ar de combust\u00e3o prim\u00e1rio.<\/li>\n<li>Sistema de Tripla Combust\u00e3o.<\/li>\n<li>Sistema Envolvente Forno.<\/li>\n<li>Inclui 2 turbinas de 160 m<sup>3<\/sup>\/h com interruptor de 2 velocidades e termostato.<\/li>\n<li>Com possibilidade de converter em canaliz\u00e1vel (inclui 2 sa\u00eddas para canaliza\u00e7\u00e3o do ar at\u00e9 3 metros).<\/li>\n<li>Forno com tijolo refrat\u00e1rio e term\u00f4metro de 500\u00baC para controlar a temperatura.<\/li>\n<li>Inclui grelha de 597&#215;372 mm.<\/li>\n<li>Inclui luva e spray de pintura.<\/li>\n<\/ul>\n<h1><strong>Elementos opcionais:<\/strong><\/h1>\n<ul>\n<li>KIT-INOX-D: KIT-INOX-D: Kit com revestimento interior para o forno em a\u00e7o inoxid\u00e1vel.<\/li>\n<\/ul>\n","protected":false},"excerpt":{"rendered":"<p>Forno inser\u00edvel com turbinas<\/p>\n","protected":false},"featured_media":3329,"template":"","meta":[],"product_brand":[],"product_cat":[169,167],"product_tag":[290,286,177],"class_list":{"0":"post-8368","1":"product","2":"type-product","3":"status-publish","4":"has-post-thumbnail","6":"product_cat-fornos-a-lenha-pt-pt","7":"product_cat-serie-lenha-pt-pt","8":"product_tag-ar-pt-pt","9":"product_tag-canalizable-pt-pt","10":"product_tag-novo-pt-pt","12":"first","13":"instock","14":"shipping-taxable","15":"product-type-simple"},"_links":{"self":[{"href":"https:\/\/bronpi.com\/pt-pt\/wp-json\/wp\/v2\/product\/8368","targetHints":{"allow":["GET"]}}],"collection":[{"href":"https:\/\/bronpi.com\/pt-pt\/wp-json\/wp\/v2\/product"}],"about":[{"href":"https:\/\/bronpi.com\/pt-pt\/wp-json\/wp\/v2\/types\/product"}],"wp:featuredmedia":[{"embeddable":true,"href":"https:\/\/bronpi.com\/pt-pt\/wp-json\/wp\/v2\/media\/3329"}],"wp:attachment":[{"href":"https:\/\/bronpi.com\/pt-pt\/wp-json\/wp\/v2\/media?parent=8368"}],"wp:term":[{"taxonomy":"product_brand","embeddable":true,"href":"https:\/\/bronpi.com\/pt-pt\/wp-json\/wp\/v2\/product_brand?post=8368"},{"taxonomy":"product_cat","embeddable":true,"href":"https:\/\/bronpi.com\/pt-pt\/wp-json\/wp\/v2\/product_cat?post=8368"},{"taxonomy":"product_tag","embeddable":true,"href":"https:\/\/bronpi.com\/pt-pt\/wp-json\/wp\/v2\/product_tag?post=8368"}],"curies":[{"name":"wp","href":"https:\/\/api.w.org\/{rel}","templated":true}]}}