{"id":8382,"date":"2025-07-28T11:12:17","date_gmt":"2025-07-28T09:12:17","guid":{"rendered":"https:\/\/bronpi.com\/product\/everest\/"},"modified":"2026-03-20T14:34:48","modified_gmt":"2026-03-20T13:34:48","slug":"everest","status":"publish","type":"product","link":"https:\/\/bronpi.com\/pt-pt\/produto\/everest\/","title":{"rendered":"EVEREST"},"content":{"rendered":"<ul>\n<li>Portas e grelha em fundi\u00e7\u00e3o.<\/li>\n<li>Interior em vermiculita.<\/li>\n<li>Regula\u00e7\u00e3o do ar de combust\u00e3o prim\u00e1rio.<\/li>\n<li>Sistema de Tripla Combust\u00e3o.<\/li>\n<li>Sistema Envolvente Forno.<\/li>\n<li>Inclui 2 turbinas de 160 m<sup>3<\/sup>\/h com interruptor de 2 velocidades e termostato.<\/li>\n<li>Com possibilidade de converter em canaliz\u00e1vel (inclui 2 sa\u00eddas para canaliza\u00e7\u00e3o do ar at\u00e9 3 metros).<\/li>\n<li>Forno com tijolo refrat\u00e1rio e term\u00f4metro de 500\u00baC para controlar a temperatura.<\/li>\n<li>Inclui bandeja de a\u00e7o inoxid\u00e1vel de 480x400x60mm e grelha de 380&#215;470 mm.<\/li>\n<li>Inclui luva e spray de pintura.<\/li>\n<\/ul>\n<p>&nbsp;<\/p>\n","protected":false},"excerpt":{"rendered":"<p>Forno inser\u00edvel com turbinas<\/p>\n","protected":false},"featured_media":3335,"template":"","meta":[],"product_brand":[],"product_cat":[169,167],"product_tag":[290,286,2418],"class_list":{"0":"post-8382","1":"product","2":"type-product","3":"status-publish","4":"has-post-thumbnail","6":"product_cat-fornos-a-lenha-pt-pt","7":"product_cat-serie-lenha-pt-pt","8":"product_tag-ar-pt-pt","9":"product_tag-canalizable-pt-pt","10":"product_tag-nova-versao","12":"first","13":"instock","14":"shipping-taxable","15":"product-type-simple"},"_links":{"self":[{"href":"https:\/\/bronpi.com\/pt-pt\/wp-json\/wp\/v2\/product\/8382","targetHints":{"allow":["GET"]}}],"collection":[{"href":"https:\/\/bronpi.com\/pt-pt\/wp-json\/wp\/v2\/product"}],"about":[{"href":"https:\/\/bronpi.com\/pt-pt\/wp-json\/wp\/v2\/types\/product"}],"wp:featuredmedia":[{"embeddable":true,"href":"https:\/\/bronpi.com\/pt-pt\/wp-json\/wp\/v2\/media\/3335"}],"wp:attachment":[{"href":"https:\/\/bronpi.com\/pt-pt\/wp-json\/wp\/v2\/media?parent=8382"}],"wp:term":[{"taxonomy":"product_brand","embeddable":true,"href":"https:\/\/bronpi.com\/pt-pt\/wp-json\/wp\/v2\/product_brand?post=8382"},{"taxonomy":"product_cat","embeddable":true,"href":"https:\/\/bronpi.com\/pt-pt\/wp-json\/wp\/v2\/product_cat?post=8382"},{"taxonomy":"product_tag","embeddable":true,"href":"https:\/\/bronpi.com\/pt-pt\/wp-json\/wp\/v2\/product_tag?post=8382"}],"curies":[{"name":"wp","href":"https:\/\/api.w.org\/{rel}","templated":true}]}}