{"id":8396,"date":"2025-03-03T11:37:36","date_gmt":"2025-03-03T10:37:36","guid":{"rendered":"https:\/\/bronpi.com\/product\/ebro\/"},"modified":"2025-10-31T12:36:05","modified_gmt":"2025-10-31T11:36:05","slug":"ebro","status":"publish","type":"product","link":"https:\/\/bronpi.com\/pt-pt\/produto\/ebro\/","title":{"rendered":"EBRO"},"content":{"rendered":"<p>&#8211; Portas e grelha em fundi\u00e7\u00e3o.<\/p>\n<p>&#8211; Interior em vermiculita.<\/p>\n<p>&#8211; Forno com tijolo refrat\u00e1rio e term\u00f4metro de 500\u00baC para controlar a temperatura.<\/p>\n<p>&#8211; Regula\u00e7\u00e3o do ar de combust\u00e3o prim\u00e1rio.<\/p>\n<p>&#8211; Sistema de Tripla Combust\u00e3o.<\/p>\n<p>&#8211; Dupla c\u00e2mara.<\/p>\n<p>&#8211; Sistema Envolvente Forno.<\/p>\n<p>&#8211; Embelezador regul\u00e1vel em altura (2400 &#8211; 2890 mm). Outras medidas mediante or\u00e7amento.<\/p>\n<p>&#8211; Inclui bandeja de a\u00e7o inoxid\u00e1vel de 480x400x60 mm e grelha de 380&#215;470 mm.<\/p>\n<p>&#8211; Inclui grelha de assados remov\u00edvel, girat\u00f3ria e regul\u00e1vel em v\u00e1rias alturas.<\/p>\n<p>&#8211; Inclui luva e spray de pintura.<\/p>\n","protected":false},"excerpt":{"rendered":"<p>Lareira frontal com forno e lenheiro<\/p>\n","protected":false},"featured_media":3611,"template":"","meta":[],"product_brand":[],"product_cat":[170,167],"product_tag":[290,2418],"class_list":{"0":"post-8396","1":"product","2":"type-product","3":"status-publish","4":"has-post-thumbnail","6":"product_cat-lareira-a-lenha-pt-pt","7":"product_cat-serie-lenha-pt-pt","8":"product_tag-ar-pt-pt","9":"product_tag-nova-versao","11":"first","12":"instock","13":"shipping-taxable","14":"product-type-simple"},"_links":{"self":[{"href":"https:\/\/bronpi.com\/pt-pt\/wp-json\/wp\/v2\/product\/8396","targetHints":{"allow":["GET"]}}],"collection":[{"href":"https:\/\/bronpi.com\/pt-pt\/wp-json\/wp\/v2\/product"}],"about":[{"href":"https:\/\/bronpi.com\/pt-pt\/wp-json\/wp\/v2\/types\/product"}],"wp:featuredmedia":[{"embeddable":true,"href":"https:\/\/bronpi.com\/pt-pt\/wp-json\/wp\/v2\/media\/3611"}],"wp:attachment":[{"href":"https:\/\/bronpi.com\/pt-pt\/wp-json\/wp\/v2\/media?parent=8396"}],"wp:term":[{"taxonomy":"product_brand","embeddable":true,"href":"https:\/\/bronpi.com\/pt-pt\/wp-json\/wp\/v2\/product_brand?post=8396"},{"taxonomy":"product_cat","embeddable":true,"href":"https:\/\/bronpi.com\/pt-pt\/wp-json\/wp\/v2\/product_cat?post=8396"},{"taxonomy":"product_tag","embeddable":true,"href":"https:\/\/bronpi.com\/pt-pt\/wp-json\/wp\/v2\/product_tag?post=8396"}],"curies":[{"name":"wp","href":"https:\/\/api.w.org\/{rel}","templated":true}]}}