{"id":8410,"date":"2025-07-29T07:46:59","date_gmt":"2025-07-29T05:46:59","guid":{"rendered":"https:\/\/bronpi.com\/product\/huesca\/"},"modified":"2025-10-27T10:12:05","modified_gmt":"2025-10-27T09:12:05","slug":"huesca","status":"publish","type":"product","link":"https:\/\/bronpi.com\/pt-pt\/produto\/huesca\/","title":{"rendered":"HUESCA"},"content":{"rendered":"<p>&#8211; Porta e grelha em fundi\u00e7\u00e3o.<\/p>\n<p>&#8211; Interior em vermiculita.<\/p>\n<p>&#8211; Regula\u00e7\u00e3o do ar de combust\u00e3o prim\u00e1rio e secund\u00e1rio.<\/p>\n<p>&#8211; Sistema de Tripla Combust\u00e3o.<\/p>\n<p>&#8211; Embelezador regul\u00e1vel em altura (2400-2890 mm). Outras medidas mediante or\u00e7amento.<\/p>\n<p>&#8211; Inclui grelha de assados remov\u00edvel, girat\u00f3ria e regul\u00e1vel em v\u00e1rias alturas.<\/p>\n<p>&#8211; Inclui luva e spray de pintura.<\/p>\n","protected":false},"excerpt":{"rendered":"<p>Lareira com 3 vidros e lenheiro<\/p>\n","protected":false},"featured_media":3765,"template":"","meta":[],"product_brand":[],"product_cat":[170,167],"product_tag":[290],"class_list":{"0":"post-8410","1":"product","2":"type-product","3":"status-publish","4":"has-post-thumbnail","6":"product_cat-lareira-a-lenha-pt-pt","7":"product_cat-serie-lenha-pt-pt","8":"product_tag-ar-pt-pt","10":"first","11":"instock","12":"shipping-taxable","13":"product-type-simple"},"_links":{"self":[{"href":"https:\/\/bronpi.com\/pt-pt\/wp-json\/wp\/v2\/product\/8410","targetHints":{"allow":["GET"]}}],"collection":[{"href":"https:\/\/bronpi.com\/pt-pt\/wp-json\/wp\/v2\/product"}],"about":[{"href":"https:\/\/bronpi.com\/pt-pt\/wp-json\/wp\/v2\/types\/product"}],"wp:featuredmedia":[{"embeddable":true,"href":"https:\/\/bronpi.com\/pt-pt\/wp-json\/wp\/v2\/media\/3765"}],"wp:attachment":[{"href":"https:\/\/bronpi.com\/pt-pt\/wp-json\/wp\/v2\/media?parent=8410"}],"wp:term":[{"taxonomy":"product_brand","embeddable":true,"href":"https:\/\/bronpi.com\/pt-pt\/wp-json\/wp\/v2\/product_brand?post=8410"},{"taxonomy":"product_cat","embeddable":true,"href":"https:\/\/bronpi.com\/pt-pt\/wp-json\/wp\/v2\/product_cat?post=8410"},{"taxonomy":"product_tag","embeddable":true,"href":"https:\/\/bronpi.com\/pt-pt\/wp-json\/wp\/v2\/product_tag?post=8410"}],"curies":[{"name":"wp","href":"https:\/\/api.w.org\/{rel}","templated":true}]}}