{"id":8420,"date":"2025-07-29T08:08:24","date_gmt":"2025-07-29T06:08:24","guid":{"rendered":"https:\/\/bronpi.com\/product\/lorca-r\/"},"modified":"2025-10-23T16:44:09","modified_gmt":"2025-10-23T14:44:09","slug":"lorca-r","status":"publish","type":"product","link":"https:\/\/bronpi.com\/pt-pt\/produto\/lorca-r\/","title":{"rendered":"LORCA-R"},"content":{"rendered":"<p>&#8211; Porta, griglia e interno in ghisa.<br \/>\n&#8211; Doppia cappa.<br \/>\n&#8211; Abbellitore regolabile in altezza (2400 &#8211; 2870 mm). Altre misure su preventivo.<br \/>\n&#8211; Regula\u00e7\u00e3o do ar de combust\u00e3o prim\u00e1rio e secund\u00e1rio.<br \/>\n&#8211; Sistema de Tripla Combust\u00e3o.<br \/>\n&#8211; Include griglia rimovibile e girevole.<br \/>\n&#8211; Valvola di arresto del tiraggio regolabile.<br \/>\n&#8211; Inclui luva e spray de pintura.<\/p>\n","protected":false},"excerpt":{"rendered":"<p>Camino ad angolo con tre vetri e legnaia<\/p>\n","protected":false},"featured_media":3782,"template":"","meta":[],"product_brand":[],"product_cat":[170,167],"product_tag":[290],"class_list":{"0":"post-8420","1":"product","2":"type-product","3":"status-publish","4":"has-post-thumbnail","6":"product_cat-lareira-a-lenha-pt-pt","7":"product_cat-serie-lenha-pt-pt","8":"product_tag-ar-pt-pt","10":"first","11":"instock","12":"shipping-taxable","13":"product-type-simple"},"_links":{"self":[{"href":"https:\/\/bronpi.com\/pt-pt\/wp-json\/wp\/v2\/product\/8420","targetHints":{"allow":["GET"]}}],"collection":[{"href":"https:\/\/bronpi.com\/pt-pt\/wp-json\/wp\/v2\/product"}],"about":[{"href":"https:\/\/bronpi.com\/pt-pt\/wp-json\/wp\/v2\/types\/product"}],"wp:featuredmedia":[{"embeddable":true,"href":"https:\/\/bronpi.com\/pt-pt\/wp-json\/wp\/v2\/media\/3782"}],"wp:attachment":[{"href":"https:\/\/bronpi.com\/pt-pt\/wp-json\/wp\/v2\/media?parent=8420"}],"wp:term":[{"taxonomy":"product_brand","embeddable":true,"href":"https:\/\/bronpi.com\/pt-pt\/wp-json\/wp\/v2\/product_brand?post=8420"},{"taxonomy":"product_cat","embeddable":true,"href":"https:\/\/bronpi.com\/pt-pt\/wp-json\/wp\/v2\/product_cat?post=8420"},{"taxonomy":"product_tag","embeddable":true,"href":"https:\/\/bronpi.com\/pt-pt\/wp-json\/wp\/v2\/product_tag?post=8420"}],"curies":[{"name":"wp","href":"https:\/\/api.w.org\/{rel}","templated":true}]}}