{"id":8434,"date":"2025-07-28T14:18:52","date_gmt":"2025-07-28T12:18:52","guid":{"rendered":"https:\/\/bronpi.com\/product\/huelva\/"},"modified":"2025-10-31T10:57:14","modified_gmt":"2025-10-31T09:57:14","slug":"huelva","status":"publish","type":"product","link":"https:\/\/bronpi.com\/pt-pt\/produto\/huelva\/","title":{"rendered":"HUELVA"},"content":{"rendered":"<p>&#8211; Portas e grelha em fundi\u00e7\u00e3o.<\/p>\n<p>&#8211; Doppia cappa.<\/p>\n<p>&#8211; Dupla porta.<\/p>\n<p>&#8211; Embelezador regul\u00e1vel em altura (2400-2890 mm). Outras medidas mediante or\u00e7amento.<\/p>\n<p>&#8211; Regula\u00e7\u00e3o do ar de combust\u00e3o prim\u00e1rio e secund\u00e1rio.<\/p>\n<p>&#8211; Sistema de Dupla Combust\u00e3o.<\/p>\n<p>&#8211; Valvola di arresto del tiraggio regolabile.<\/p>\n<p>&#8211; Puxador m\u00e3os frias.<\/p>\n<p>&#8211; Inclui luva e spray de pintura.<\/p>\n","protected":false},"excerpt":{"rendered":"<p>Lareira central a 4 faces com lenheiro e dupla porta<\/p>\n","protected":false},"featured_media":3658,"template":"","meta":[],"product_brand":[],"product_cat":[170,167],"product_tag":[290],"class_list":{"0":"post-8434","1":"product","2":"type-product","3":"status-publish","4":"has-post-thumbnail","6":"product_cat-lareira-a-lenha-pt-pt","7":"product_cat-serie-lenha-pt-pt","8":"product_tag-ar-pt-pt","10":"first","11":"instock","12":"shipping-taxable","13":"product-type-simple"},"_links":{"self":[{"href":"https:\/\/bronpi.com\/pt-pt\/wp-json\/wp\/v2\/product\/8434","targetHints":{"allow":["GET"]}}],"collection":[{"href":"https:\/\/bronpi.com\/pt-pt\/wp-json\/wp\/v2\/product"}],"about":[{"href":"https:\/\/bronpi.com\/pt-pt\/wp-json\/wp\/v2\/types\/product"}],"wp:featuredmedia":[{"embeddable":true,"href":"https:\/\/bronpi.com\/pt-pt\/wp-json\/wp\/v2\/media\/3658"}],"wp:attachment":[{"href":"https:\/\/bronpi.com\/pt-pt\/wp-json\/wp\/v2\/media?parent=8434"}],"wp:term":[{"taxonomy":"product_brand","embeddable":true,"href":"https:\/\/bronpi.com\/pt-pt\/wp-json\/wp\/v2\/product_brand?post=8434"},{"taxonomy":"product_cat","embeddable":true,"href":"https:\/\/bronpi.com\/pt-pt\/wp-json\/wp\/v2\/product_cat?post=8434"},{"taxonomy":"product_tag","embeddable":true,"href":"https:\/\/bronpi.com\/pt-pt\/wp-json\/wp\/v2\/product_tag?post=8434"}],"curies":[{"name":"wp","href":"https:\/\/api.w.org\/{rel}","templated":true}]}}