{"id":8462,"date":"2025-07-29T08:42:42","date_gmt":"2025-07-29T06:42:42","guid":{"rendered":"https:\/\/bronpi.com\/product\/lisboa-3c-lisboa-3c-v\/"},"modified":"2025-10-27T10:16:29","modified_gmt":"2025-10-27T09:16:29","slug":"lisboa-3c-lisboa-3c-v","status":"publish","type":"product","link":"https:\/\/bronpi.com\/pt-pt\/produto\/lisboa-3c-lisboa-3c-v\/","title":{"rendered":"LISBOA-3C \/ LISBOA-3C-V"},"content":{"rendered":"<p>&#8211; Silencioso. Possibilidade de desconex\u00e3o total da turbina.<\/p>\n<p>&#8211; Inclui turbina de 290 m3\/h com interruptor de 2 velocidades.<\/p>\n<p>&#8211; Regula\u00e7\u00e3o do ar de combust\u00e3o prim\u00e1rio e secund\u00e1rio.<\/p>\n<p>&#8211; Sistema de Tripla Combust\u00e3o.<\/p>\n<p>&#8211; Com possibilidade de converter em canaliz\u00e1vel (inclui 2 sa\u00eddas para canaliza\u00e7\u00e3o do ar at\u00e9 3 metros).<\/p>\n<p>&#8211; Embelezador regul\u00e1vel em altura (2430 &#8211; 2900 mm). Outras medidas mediante or\u00e7amento.<\/p>\n<p>&#8211; Porta, griglia e interno in ghisa.<\/p>\n<p>&#8211; Inclui grelha de assados remov\u00edvel, girat\u00f3ria e regul\u00e1vel em v\u00e1rias alturas.<\/p>\n<p>&#8211; M\u00f3vel lenheiro com porta.<\/p>\n<p>&#8211; Inclui luva e spray de pintura.<\/p>\n<p><strong>Elementos opcionais:<\/strong><\/p>\n<p>&#8211; KIT-AIR-2: Kit com entrada de ar externo. Para converter em herm\u00e9tico.<\/p>\n","protected":false},"excerpt":{"rendered":"<p>Lareira 3 vidros com turbina e lenheiro<\/p>\n","protected":false},"featured_media":3910,"template":"","meta":[],"product_brand":[],"product_cat":[170,167],"product_tag":[290,286],"class_list":{"0":"post-8462","1":"product","2":"type-product","3":"status-publish","4":"has-post-thumbnail","6":"product_cat-lareira-a-lenha-pt-pt","7":"product_cat-serie-lenha-pt-pt","8":"product_tag-ar-pt-pt","9":"product_tag-canalizable-pt-pt","11":"first","12":"instock","13":"shipping-taxable","14":"product-type-simple"},"_links":{"self":[{"href":"https:\/\/bronpi.com\/pt-pt\/wp-json\/wp\/v2\/product\/8462","targetHints":{"allow":["GET"]}}],"collection":[{"href":"https:\/\/bronpi.com\/pt-pt\/wp-json\/wp\/v2\/product"}],"about":[{"href":"https:\/\/bronpi.com\/pt-pt\/wp-json\/wp\/v2\/types\/product"}],"wp:featuredmedia":[{"embeddable":true,"href":"https:\/\/bronpi.com\/pt-pt\/wp-json\/wp\/v2\/media\/3910"}],"wp:attachment":[{"href":"https:\/\/bronpi.com\/pt-pt\/wp-json\/wp\/v2\/media?parent=8462"}],"wp:term":[{"taxonomy":"product_brand","embeddable":true,"href":"https:\/\/bronpi.com\/pt-pt\/wp-json\/wp\/v2\/product_brand?post=8462"},{"taxonomy":"product_cat","embeddable":true,"href":"https:\/\/bronpi.com\/pt-pt\/wp-json\/wp\/v2\/product_cat?post=8462"},{"taxonomy":"product_tag","embeddable":true,"href":"https:\/\/bronpi.com\/pt-pt\/wp-json\/wp\/v2\/product_tag?post=8462"}],"curies":[{"name":"wp","href":"https:\/\/api.w.org\/{rel}","templated":true}]}}