{"id":8490,"date":"2025-07-28T12:54:12","date_gmt":"2025-07-28T10:54:12","guid":{"rendered":"https:\/\/bronpi.com\/product\/preston\/"},"modified":"2025-10-27T09:55:06","modified_gmt":"2025-10-27T08:55:06","slug":"preston","status":"publish","type":"product","link":"https:\/\/bronpi.com\/pt-pt\/produto\/preston\/","title":{"rendered":"PRESTON"},"content":{"rendered":"<p>&#8211; Inteiramente em fundi\u00e7\u00e3o.<br \/>\n&#8211; Regula\u00e7\u00e3o do ar de combust\u00e3o prim\u00e1rio, secund\u00e1rio e da tripla<br \/>\ncombust\u00e3o.<br \/>\n&#8211; Possibilidade de sa\u00edda de fumos superior ou posterior.<br \/>\n&#8211; Sistema de Tripla Combust\u00e3o.<br \/>\n&#8211; Inclui luva e spray de pintura.<\/p>\n","protected":false},"excerpt":{"rendered":"<p>Salamandra em fundi\u00e7\u00e3o frontal<\/p>\n","protected":false},"featured_media":3564,"template":"","meta":[],"product_brand":[],"product_cat":[2520,167],"product_tag":[290],"class_list":{"0":"post-8490","1":"product","2":"type-product","3":"status-publish","4":"has-post-thumbnail","6":"product_cat-salamandra-em-fundicao","7":"product_cat-serie-lenha-pt-pt","8":"product_tag-ar-pt-pt","10":"first","11":"instock","12":"shipping-taxable","13":"product-type-simple"},"_links":{"self":[{"href":"https:\/\/bronpi.com\/pt-pt\/wp-json\/wp\/v2\/product\/8490","targetHints":{"allow":["GET"]}}],"collection":[{"href":"https:\/\/bronpi.com\/pt-pt\/wp-json\/wp\/v2\/product"}],"about":[{"href":"https:\/\/bronpi.com\/pt-pt\/wp-json\/wp\/v2\/types\/product"}],"wp:featuredmedia":[{"embeddable":true,"href":"https:\/\/bronpi.com\/pt-pt\/wp-json\/wp\/v2\/media\/3564"}],"wp:attachment":[{"href":"https:\/\/bronpi.com\/pt-pt\/wp-json\/wp\/v2\/media?parent=8490"}],"wp:term":[{"taxonomy":"product_brand","embeddable":true,"href":"https:\/\/bronpi.com\/pt-pt\/wp-json\/wp\/v2\/product_brand?post=8490"},{"taxonomy":"product_cat","embeddable":true,"href":"https:\/\/bronpi.com\/pt-pt\/wp-json\/wp\/v2\/product_cat?post=8490"},{"taxonomy":"product_tag","embeddable":true,"href":"https:\/\/bronpi.com\/pt-pt\/wp-json\/wp\/v2\/product_tag?post=8490"}],"curies":[{"name":"wp","href":"https:\/\/api.w.org\/{rel}","templated":true}]}}