{"id":8547,"date":"2025-07-28T11:47:33","date_gmt":"2025-07-28T09:47:33","guid":{"rendered":"https:\/\/bronpi.com\/product\/etna\/"},"modified":"2025-10-31T11:46:08","modified_gmt":"2025-10-31T10:46:08","slug":"etna","status":"publish","type":"product","link":"https:\/\/bronpi.com\/pt-pt\/produto\/etna\/","title":{"rendered":"ETNA"},"content":{"rendered":"<p>&#8211; Inteiramente em fundi\u00e7\u00e3o.<\/p>\n<p>&#8211; Puerta de carga lateral y frontal.<\/p>\n<p>&#8211; Regula\u00e7\u00e3o do ar de combust\u00e3o prim\u00e1rio e secund\u00e1rio.<\/p>\n<p>&#8211; Possibilidade de sa\u00edda de fumos superior ou posterior.<\/p>\n<p>&#8211; Sistema de Tripla Combust\u00e3o.<\/p>\n<p>&#8211; Inclui luva e spray de pintura.<\/p>\n<p>&#8211; Puxador tipo m\u00e3os frias.<\/p>\n","protected":false},"excerpt":{"rendered":"<p>Salamandra em fundi\u00e7\u00e3o e porta lateral<\/p>\n","protected":false},"featured_media":3381,"template":"","meta":[],"product_brand":[],"product_cat":[2520,167],"product_tag":[290],"class_list":{"0":"post-8547","1":"product","2":"type-product","3":"status-publish","4":"has-post-thumbnail","6":"product_cat-salamandra-em-fundicao","7":"product_cat-serie-lenha-pt-pt","8":"product_tag-ar-pt-pt","10":"first","11":"instock","12":"shipping-taxable","13":"product-type-simple"},"_links":{"self":[{"href":"https:\/\/bronpi.com\/pt-pt\/wp-json\/wp\/v2\/product\/8547","targetHints":{"allow":["GET"]}}],"collection":[{"href":"https:\/\/bronpi.com\/pt-pt\/wp-json\/wp\/v2\/product"}],"about":[{"href":"https:\/\/bronpi.com\/pt-pt\/wp-json\/wp\/v2\/types\/product"}],"wp:featuredmedia":[{"embeddable":true,"href":"https:\/\/bronpi.com\/pt-pt\/wp-json\/wp\/v2\/media\/3381"}],"wp:attachment":[{"href":"https:\/\/bronpi.com\/pt-pt\/wp-json\/wp\/v2\/media?parent=8547"}],"wp:term":[{"taxonomy":"product_brand","embeddable":true,"href":"https:\/\/bronpi.com\/pt-pt\/wp-json\/wp\/v2\/product_brand?post=8547"},{"taxonomy":"product_cat","embeddable":true,"href":"https:\/\/bronpi.com\/pt-pt\/wp-json\/wp\/v2\/product_cat?post=8547"},{"taxonomy":"product_tag","embeddable":true,"href":"https:\/\/bronpi.com\/pt-pt\/wp-json\/wp\/v2\/product_tag?post=8547"}],"curies":[{"name":"wp","href":"https:\/\/api.w.org\/{rel}","templated":true}]}}