{"id":8686,"date":"2025-07-29T13:32:58","date_gmt":"2025-07-29T11:32:58","guid":{"rendered":"https:\/\/bronpi.com\/product\/bimba-90\/"},"modified":"2025-10-27T10:52:09","modified_gmt":"2025-10-27T09:52:09","slug":"bimba-90","status":"publish","type":"product","link":"https:\/\/bronpi.com\/pt-pt\/produto\/bimba-90\/","title":{"rendered":"BIMBA-90"},"content":{"rendered":"<p>&#8211; Porta com vidro serigrafado preto.<br \/>\n&#8211; Interior em vermiculita.<br \/>\n&#8211; Grelha em fundi\u00e7\u00e3o.<br \/>\n&#8211; Inclui 2 ventiladores de 160 m3\\h com interruptor de 2 velocidades e termostato.<br \/>\n&#8211; Regula\u00e7\u00e3o do ar de combust\u00e3o prim\u00e1rio.<br \/>\n&#8211; Sistema de Tripla Combust\u00e3o.<br \/>\n&#8211; Inclui luva e spray de pintura.<\/p>\n<p>&nbsp;<\/p>\n<h1><strong>Elementos opcionais:<\/strong><\/h1>\n<p>&#8211; KIT-AIR-14: Kit com entrada de ar externo. Para converter em herm\u00e9tico.<br \/>\n&#8211; KIT-C-BIMBA: Kit para pendurar em parede.<br \/>\n&#8211; L-90BIMBA: Base lenheiro.<br \/>\n&#8211; B-90-BIMBA: Base com p\u00e9s.<\/p>\n<p>&nbsp;<\/p>\n","protected":false},"excerpt":{"rendered":"<p>Salamandra frontal panor\u00e2mico com turbina<\/p>\n","protected":false},"featured_media":4385,"template":"","meta":[],"product_brand":[],"product_cat":[168,167],"product_tag":[290,177],"class_list":{"0":"post-8686","1":"product","2":"type-product","3":"status-publish","4":"has-post-thumbnail","6":"product_cat-salamandra-a-lenha-pt-pt","7":"product_cat-serie-lenha-pt-pt","8":"product_tag-ar-pt-pt","9":"product_tag-novo-pt-pt","11":"first","12":"instock","13":"shipping-taxable","14":"product-type-simple"},"_links":{"self":[{"href":"https:\/\/bronpi.com\/pt-pt\/wp-json\/wp\/v2\/product\/8686","targetHints":{"allow":["GET"]}}],"collection":[{"href":"https:\/\/bronpi.com\/pt-pt\/wp-json\/wp\/v2\/product"}],"about":[{"href":"https:\/\/bronpi.com\/pt-pt\/wp-json\/wp\/v2\/types\/product"}],"wp:featuredmedia":[{"embeddable":true,"href":"https:\/\/bronpi.com\/pt-pt\/wp-json\/wp\/v2\/media\/4385"}],"wp:attachment":[{"href":"https:\/\/bronpi.com\/pt-pt\/wp-json\/wp\/v2\/media?parent=8686"}],"wp:term":[{"taxonomy":"product_brand","embeddable":true,"href":"https:\/\/bronpi.com\/pt-pt\/wp-json\/wp\/v2\/product_brand?post=8686"},{"taxonomy":"product_cat","embeddable":true,"href":"https:\/\/bronpi.com\/pt-pt\/wp-json\/wp\/v2\/product_cat?post=8686"},{"taxonomy":"product_tag","embeddable":true,"href":"https:\/\/bronpi.com\/pt-pt\/wp-json\/wp\/v2\/product_tag?post=8686"}],"curies":[{"name":"wp","href":"https:\/\/api.w.org\/{rel}","templated":true}]}}