{"id":8710,"date":"2025-03-03T11:37:35","date_gmt":"2025-03-03T10:37:35","guid":{"rendered":"https:\/\/bronpi.com\/product\/estrella\/"},"modified":"2025-10-31T12:05:02","modified_gmt":"2025-10-31T11:05:02","slug":"estrella","status":"publish","type":"product","link":"https:\/\/bronpi.com\/pt-pt\/produto\/estrella\/","title":{"rendered":"ESTRELLA"},"content":{"rendered":"<p>&#8211; Interior em vermiculita.<br \/>\n&#8211; Grelha em fundi\u00e7\u00e3o.<br \/>\n&#8211; Sistema de Tripla Combust\u00e3o.<br \/>\n&#8211; Regula\u00e7\u00e3o do ar de combust\u00e3o prim\u00e1rio.<br \/>\n&#8211; Puxador acabamento em madeira natural.<br \/>\n&#8211; Inclui luva e spray de pintura.<\/p>\n<h1><strong>Elementos opcionais:<\/strong><\/h1>\n<p>&#8211; KIT-AIR-16: Kit com entrada de ar externo. Para converter em herm\u00e9tico.<\/p>\n","protected":false},"excerpt":{"rendered":"<p>Salamandra vertical com 3 vidros e lenheiro<\/p>\n","protected":false},"featured_media":3189,"template":"","meta":[],"product_brand":[],"product_cat":[168,167],"product_tag":[290,177],"class_list":{"0":"post-8710","1":"product","2":"type-product","3":"status-publish","4":"has-post-thumbnail","6":"product_cat-salamandra-a-lenha-pt-pt","7":"product_cat-serie-lenha-pt-pt","8":"product_tag-ar-pt-pt","9":"product_tag-novo-pt-pt","11":"first","12":"instock","13":"shipping-taxable","14":"product-type-simple"},"_links":{"self":[{"href":"https:\/\/bronpi.com\/pt-pt\/wp-json\/wp\/v2\/product\/8710","targetHints":{"allow":["GET"]}}],"collection":[{"href":"https:\/\/bronpi.com\/pt-pt\/wp-json\/wp\/v2\/product"}],"about":[{"href":"https:\/\/bronpi.com\/pt-pt\/wp-json\/wp\/v2\/types\/product"}],"wp:featuredmedia":[{"embeddable":true,"href":"https:\/\/bronpi.com\/pt-pt\/wp-json\/wp\/v2\/media\/3189"}],"wp:attachment":[{"href":"https:\/\/bronpi.com\/pt-pt\/wp-json\/wp\/v2\/media?parent=8710"}],"wp:term":[{"taxonomy":"product_brand","embeddable":true,"href":"https:\/\/bronpi.com\/pt-pt\/wp-json\/wp\/v2\/product_brand?post=8710"},{"taxonomy":"product_cat","embeddable":true,"href":"https:\/\/bronpi.com\/pt-pt\/wp-json\/wp\/v2\/product_cat?post=8710"},{"taxonomy":"product_tag","embeddable":true,"href":"https:\/\/bronpi.com\/pt-pt\/wp-json\/wp\/v2\/product_tag?post=8710"}],"curies":[{"name":"wp","href":"https:\/\/api.w.org\/{rel}","templated":true}]}}