{"id":8737,"date":"2025-03-03T11:37:36","date_gmt":"2025-03-03T10:37:36","guid":{"rendered":"https:\/\/bronpi.com\/product\/croacia-t\/"},"modified":"2026-03-24T12:32:51","modified_gmt":"2026-03-24T11:32:51","slug":"croacia-t","status":"publish","type":"product","link":"https:\/\/bronpi.com\/pt-pt\/produto\/croacia-t\/","title":{"rendered":"CROACIA-T"},"content":{"rendered":"<ul>\n<li>Interior, porta e grelha em fundi\u00e7\u00e3o.<\/li>\n<li>Silencioso. Possibilidade de desconex\u00e3o total da turbina.<\/li>\n<li>Sistema de Tripla Combust\u00e3o.<\/li>\n<li>Regula\u00e7\u00e3o do ar de combust\u00e3o prim\u00e1rio e secund\u00e1rio.<\/li>\n<li>Inclui turbina de 225 m<sup>3<\/sup>\/h com interruptor de 2 velocidades.<\/li>\n<li>Inclui grelha de assados remov\u00edvel, girat\u00f3ria e regul\u00e1vel em v\u00e1rias alturas.<\/li>\n<li>Inclui luva e spray de pintura.<\/li>\n<\/ul>\n","protected":false},"excerpt":{"rendered":"<p>Salamandra com turbina e lenheiro<\/p>\n","protected":false},"featured_media":3138,"template":"","meta":[],"product_brand":[],"product_cat":[168,167],"product_tag":[290],"class_list":{"0":"post-8737","1":"product","2":"type-product","3":"status-publish","4":"has-post-thumbnail","6":"product_cat-salamandra-a-lenha-pt-pt","7":"product_cat-serie-lenha-pt-pt","8":"product_tag-ar-pt-pt","10":"first","11":"instock","12":"shipping-taxable","13":"product-type-simple"},"_links":{"self":[{"href":"https:\/\/bronpi.com\/pt-pt\/wp-json\/wp\/v2\/product\/8737","targetHints":{"allow":["GET"]}}],"collection":[{"href":"https:\/\/bronpi.com\/pt-pt\/wp-json\/wp\/v2\/product"}],"about":[{"href":"https:\/\/bronpi.com\/pt-pt\/wp-json\/wp\/v2\/types\/product"}],"wp:featuredmedia":[{"embeddable":true,"href":"https:\/\/bronpi.com\/pt-pt\/wp-json\/wp\/v2\/media\/3138"}],"wp:attachment":[{"href":"https:\/\/bronpi.com\/pt-pt\/wp-json\/wp\/v2\/media?parent=8737"}],"wp:term":[{"taxonomy":"product_brand","embeddable":true,"href":"https:\/\/bronpi.com\/pt-pt\/wp-json\/wp\/v2\/product_brand?post=8737"},{"taxonomy":"product_cat","embeddable":true,"href":"https:\/\/bronpi.com\/pt-pt\/wp-json\/wp\/v2\/product_cat?post=8737"},{"taxonomy":"product_tag","embeddable":true,"href":"https:\/\/bronpi.com\/pt-pt\/wp-json\/wp\/v2\/product_tag?post=8737"}],"curies":[{"name":"wp","href":"https:\/\/api.w.org\/{rel}","templated":true}]}}