{"id":8762,"date":"2025-07-29T12:27:49","date_gmt":"2025-07-29T10:27:49","guid":{"rendered":"https:\/\/bronpi.com\/product\/versalles-c-versalles-c-vision\/"},"modified":"2025-10-23T16:29:50","modified_gmt":"2025-10-23T14:29:50","slug":"versalles-c-versalles-c-vision","status":"publish","type":"product","link":"https:\/\/bronpi.com\/pt-pt\/produto\/versalles-c-versalles-c-vision\/","title":{"rendered":"VERSALLES-C\/ VERSALLES-C VISION"},"content":{"rendered":"<p>&#8211; Interior, porta e grelha em fundi\u00e7\u00e3o.<\/p>\n<p>&#8211; Silencioso. Possibilidade de desconex\u00e3o total da turbina.<\/p>\n<p>&#8211; Sistema de Tripla Combust\u00e3o.<\/p>\n<p>&#8211; Regula\u00e7\u00e3o do ar de combust\u00e3o prim\u00e1rio e secund\u00e1rio.<\/p>\n<p>&#8211; Inclui turbina de 290 m3\/h com interruptor de 2 velocidades.<\/p>\n<p>&#8211; Dispon\u00edvel Versalles-C e Versalles-C-Vision (com 3 vidros serigrafados pretos)<\/p>\n<p>&#8211; Inclui grelha de assados remov\u00edvel, girat\u00f3ria e regul\u00e1vel em v\u00e1rias alturas.<\/p>\n<p>&#8211; Inclui kit para pendurar em parede.<\/p>\n<p>&#8211; Inclui luva e spray de pintura.<\/p>\n<p>&nbsp;<\/p>\n<h1><strong>Elementos opcionais: <\/strong><\/h1>\n<p>&#8211; KIT-AIR-2: Kit com entrada de ar externo. Para converter em herm\u00e9tico.<\/p>\n<p>&nbsp;<\/p>\n<p>&nbsp;<\/p>\n<p>&nbsp;<\/p>\n","protected":false},"excerpt":{"rendered":"<p>Salamandra com 3 vidros para pendurar e turbina<\/p>\n","protected":false},"featured_media":4297,"template":"","meta":[],"product_brand":[],"product_cat":[168,167],"product_tag":[290],"class_list":{"0":"post-8762","1":"product","2":"type-product","3":"status-publish","4":"has-post-thumbnail","6":"product_cat-salamandra-a-lenha-pt-pt","7":"product_cat-serie-lenha-pt-pt","8":"product_tag-ar-pt-pt","10":"first","11":"instock","12":"shipping-taxable","13":"product-type-simple"},"_links":{"self":[{"href":"https:\/\/bronpi.com\/pt-pt\/wp-json\/wp\/v2\/product\/8762","targetHints":{"allow":["GET"]}}],"collection":[{"href":"https:\/\/bronpi.com\/pt-pt\/wp-json\/wp\/v2\/product"}],"about":[{"href":"https:\/\/bronpi.com\/pt-pt\/wp-json\/wp\/v2\/types\/product"}],"wp:featuredmedia":[{"embeddable":true,"href":"https:\/\/bronpi.com\/pt-pt\/wp-json\/wp\/v2\/media\/4297"}],"wp:attachment":[{"href":"https:\/\/bronpi.com\/pt-pt\/wp-json\/wp\/v2\/media?parent=8762"}],"wp:term":[{"taxonomy":"product_brand","embeddable":true,"href":"https:\/\/bronpi.com\/pt-pt\/wp-json\/wp\/v2\/product_brand?post=8762"},{"taxonomy":"product_cat","embeddable":true,"href":"https:\/\/bronpi.com\/pt-pt\/wp-json\/wp\/v2\/product_cat?post=8762"},{"taxonomy":"product_tag","embeddable":true,"href":"https:\/\/bronpi.com\/pt-pt\/wp-json\/wp\/v2\/product_tag?post=8762"}],"curies":[{"name":"wp","href":"https:\/\/api.w.org\/{rel}","templated":true}]}}