{"id":8788,"date":"2025-07-24T07:59:06","date_gmt":"2025-07-24T05:59:06","guid":{"rendered":"https:\/\/bronpi.com\/product\/arus\/"},"modified":"2025-10-27T11:13:51","modified_gmt":"2025-10-27T10:13:51","slug":"arus","status":"publish","type":"product","link":"https:\/\/bronpi.com\/pt-pt\/produto\/arus\/","title":{"rendered":"ARUS"},"content":{"rendered":"<p>&#8211; Interior em FireTek.<br \/>\n&#8211; Porta e grelha em fundi\u00e7\u00e3o.<br \/>\n&#8211; Vidro serigrafado preto.<br \/>\n&#8211; Sistema de Tripla Combust\u00e3o.<br \/>\n&#8211; Regula\u00e7\u00e3o do ar de combust\u00e3o prim\u00e1rio.<br \/>\n&#8211; P\u00e9s de madeira incluidas.<br \/>\n&#8211; Inclui luva e spray de pintura.<\/p>\n<h1><strong>Elementos opcionais:<\/strong><\/h1>\n<p>&#8211; KIT-AIR-8: Kit com entrada de ar externo. Para converter em herm\u00e9tico.<br \/>\n&#8211; P-ARUS: Kit para instala\u00e7\u00e3o sem p\u00e9s.<\/p>\n","protected":false},"excerpt":{"rendered":"<p>Salamandra com p\u00e9s em madeira e interior de FireTek<\/p>\n","protected":false},"featured_media":2642,"template":"","meta":[],"product_brand":[],"product_cat":[250,168,167],"product_tag":[290,177],"class_list":{"0":"post-8788","1":"product","2":"type-product","3":"status-publish","4":"has-post-thumbnail","6":"product_cat-novedades-pt-pt","7":"product_cat-salamandra-a-lenha-pt-pt","8":"product_cat-serie-lenha-pt-pt","9":"product_tag-ar-pt-pt","10":"product_tag-novo-pt-pt","12":"first","13":"instock","14":"shipping-taxable","15":"product-type-simple"},"_links":{"self":[{"href":"https:\/\/bronpi.com\/pt-pt\/wp-json\/wp\/v2\/product\/8788","targetHints":{"allow":["GET"]}}],"collection":[{"href":"https:\/\/bronpi.com\/pt-pt\/wp-json\/wp\/v2\/product"}],"about":[{"href":"https:\/\/bronpi.com\/pt-pt\/wp-json\/wp\/v2\/types\/product"}],"wp:featuredmedia":[{"embeddable":true,"href":"https:\/\/bronpi.com\/pt-pt\/wp-json\/wp\/v2\/media\/2642"}],"wp:attachment":[{"href":"https:\/\/bronpi.com\/pt-pt\/wp-json\/wp\/v2\/media?parent=8788"}],"wp:term":[{"taxonomy":"product_brand","embeddable":true,"href":"https:\/\/bronpi.com\/pt-pt\/wp-json\/wp\/v2\/product_brand?post=8788"},{"taxonomy":"product_cat","embeddable":true,"href":"https:\/\/bronpi.com\/pt-pt\/wp-json\/wp\/v2\/product_cat?post=8788"},{"taxonomy":"product_tag","embeddable":true,"href":"https:\/\/bronpi.com\/pt-pt\/wp-json\/wp\/v2\/product_tag?post=8788"}],"curies":[{"name":"wp","href":"https:\/\/api.w.org\/{rel}","templated":true}]}}