{"id":8818,"date":"2025-07-30T08:21:43","date_gmt":"2025-07-30T06:21:43","guid":{"rendered":"https:\/\/bronpi.com\/product\/cairo-90-box\/"},"modified":"2025-10-27T09:47:12","modified_gmt":"2025-10-27T08:47:12","slug":"cairo-90-box","status":"publish","type":"product","link":"https:\/\/bronpi.com\/pt-pt\/produto\/cairo-90-box\/","title":{"rendered":"CAIRO-90 BOX"},"content":{"rendered":"<p>&#8211; Porta em fundi\u00e7\u00e3o.<\/p>\n<p>&#8211; Grelha em fundi\u00e7\u00e3o.<\/p>\n<p>&#8211; Vidro serigrafado preto.<\/p>\n<p>&#8211; Regula\u00e7\u00e3o do ar de combust\u00e3o prim\u00e1rio, secund\u00e1rio e da tripla<br \/>\ncombust\u00e3o.<\/p>\n<p>&#8211; Sistema de Tripla Combust\u00e3o.<\/p>\n<p>&#8211; Possibilidade de escolher o interior em vermiculita ou Firetek.<\/p>\n<p>&#8211; Inclui luva e spray de pintura.<\/p>\n<p>&nbsp;<\/p>\n<h1><strong>Elementos opcionais:<\/strong><\/h1>\n<p>&#8211; KIT-AIR-6: Kit com entrada de ar externo. Para converter em herm\u00e9tico.<\/p>\n<p>&#8211; T-90BOX: Turbina tangencial com interruptor de 2 velocidades. Silencioso. Com possibilidade de desconex\u00e3o total da turbina.<\/p>\n<p>&#8211; KIT-C-CAIRO-BOX: Kit para pendurar.<\/p>\n<p>&#8211; B-90BOX: Base com p\u00e9s.<\/p>\n<p>&#8211; L-90BOX: Base lenheiro.<\/p>\n<p>&#8211; KIT VERMICULITA<\/p>\n<p>&#8211; KIT FIRETEK<\/p>\n<p>&#8211; LENHEIRO 378<\/p>\n<p>&nbsp;<\/p>\n","protected":false},"excerpt":{"rendered":"<p>Salamandra lenha frontal -90 cm-<\/p>\n","protected":false},"featured_media":4628,"template":"","meta":[],"product_brand":[],"product_cat":[168,167],"product_tag":[290,177],"class_list":{"0":"post-8818","1":"product","2":"type-product","3":"status-publish","4":"has-post-thumbnail","6":"product_cat-salamandra-a-lenha-pt-pt","7":"product_cat-serie-lenha-pt-pt","8":"product_tag-ar-pt-pt","9":"product_tag-novo-pt-pt","11":"first","12":"instock","13":"shipping-taxable","14":"product-type-simple"},"_links":{"self":[{"href":"https:\/\/bronpi.com\/pt-pt\/wp-json\/wp\/v2\/product\/8818","targetHints":{"allow":["GET"]}}],"collection":[{"href":"https:\/\/bronpi.com\/pt-pt\/wp-json\/wp\/v2\/product"}],"about":[{"href":"https:\/\/bronpi.com\/pt-pt\/wp-json\/wp\/v2\/types\/product"}],"wp:featuredmedia":[{"embeddable":true,"href":"https:\/\/bronpi.com\/pt-pt\/wp-json\/wp\/v2\/media\/4628"}],"wp:attachment":[{"href":"https:\/\/bronpi.com\/pt-pt\/wp-json\/wp\/v2\/media?parent=8818"}],"wp:term":[{"taxonomy":"product_brand","embeddable":true,"href":"https:\/\/bronpi.com\/pt-pt\/wp-json\/wp\/v2\/product_brand?post=8818"},{"taxonomy":"product_cat","embeddable":true,"href":"https:\/\/bronpi.com\/pt-pt\/wp-json\/wp\/v2\/product_cat?post=8818"},{"taxonomy":"product_tag","embeddable":true,"href":"https:\/\/bronpi.com\/pt-pt\/wp-json\/wp\/v2\/product_tag?post=8818"}],"curies":[{"name":"wp","href":"https:\/\/api.w.org\/{rel}","templated":true}]}}