{"id":8938,"date":"2025-04-04T13:35:06","date_gmt":"2025-04-04T11:35:06","guid":{"rendered":"https:\/\/bronpi.com\/product\/gijon-h\/"},"modified":"2026-03-25T16:19:11","modified_gmt":"2026-03-25T15:19:11","slug":"gijon-h","status":"publish","type":"product","link":"https:\/\/bronpi.com\/pt-pt\/produto\/gijon-h\/","title":{"rendered":"GIJ\u00d3N-H"},"content":{"rendered":"<ul>\n<li>Sistema Envolvente Forno.<\/li>\n<li>Interior em vermiculita.<\/li>\n<li>Portas e grelha em fundi\u00e7\u00e3o.<\/li>\n<li>Sistema de Tripla Combust\u00e3o.<\/li>\n<li>Regula\u00e7\u00e3o do ar de combust\u00e3o prim\u00e1rio e secund\u00e1rio.<\/li>\n<li>Inclui grelha de assados remov\u00edvel, girat\u00f3ria e regul\u00e1vel em v\u00e1rias alturas.<\/li>\n<li>Forno com tijolo refrat\u00e1rio e term\u00f4metro de 500\u00baC para controlar a temperatura.<\/li>\n<li>Inclui luva e spray de pintura.<\/li>\n<\/ul>\n<p>&nbsp;<\/p>\n<h1><strong>Elementos opcionais:<\/strong><\/h1>\n<ul>\n<li>KIT-INOX-F: Kit com revestimento interior para o forno em a\u00e7o inoxid\u00e1vel e bandeja inox de 325x365x60 mm.<\/li>\n<\/ul>\n","protected":false},"excerpt":{"rendered":"<p>Salamandra com forno e lenheiro<\/p>\n","protected":false},"featured_media":2768,"template":"","meta":[],"product_brand":[],"product_cat":[168,167],"product_tag":[290],"class_list":{"0":"post-8938","1":"product","2":"type-product","3":"status-publish","4":"has-post-thumbnail","6":"product_cat-salamandra-a-lenha-pt-pt","7":"product_cat-serie-lenha-pt-pt","8":"product_tag-ar-pt-pt","10":"first","11":"instock","12":"shipping-taxable","13":"product-type-simple"},"_links":{"self":[{"href":"https:\/\/bronpi.com\/pt-pt\/wp-json\/wp\/v2\/product\/8938","targetHints":{"allow":["GET"]}}],"collection":[{"href":"https:\/\/bronpi.com\/pt-pt\/wp-json\/wp\/v2\/product"}],"about":[{"href":"https:\/\/bronpi.com\/pt-pt\/wp-json\/wp\/v2\/types\/product"}],"wp:featuredmedia":[{"embeddable":true,"href":"https:\/\/bronpi.com\/pt-pt\/wp-json\/wp\/v2\/media\/2768"}],"wp:attachment":[{"href":"https:\/\/bronpi.com\/pt-pt\/wp-json\/wp\/v2\/media?parent=8938"}],"wp:term":[{"taxonomy":"product_brand","embeddable":true,"href":"https:\/\/bronpi.com\/pt-pt\/wp-json\/wp\/v2\/product_brand?post=8938"},{"taxonomy":"product_cat","embeddable":true,"href":"https:\/\/bronpi.com\/pt-pt\/wp-json\/wp\/v2\/product_cat?post=8938"},{"taxonomy":"product_tag","embeddable":true,"href":"https:\/\/bronpi.com\/pt-pt\/wp-json\/wp\/v2\/product_tag?post=8938"}],"curies":[{"name":"wp","href":"https:\/\/api.w.org\/{rel}","templated":true}]}}