{"id":8972,"date":"2025-03-03T11:01:45","date_gmt":"2025-03-03T10:01:45","guid":{"rendered":"https:\/\/bronpi.com\/product\/suiza\/"},"modified":"2026-03-04T16:23:05","modified_gmt":"2026-03-04T15:23:05","slug":"suiza","status":"publish","type":"product","link":"https:\/\/bronpi.com\/pt-pt\/produto\/suiza\/","title":{"rendered":"SUIZA"},"content":{"rendered":"<ul>\n<li>Portas e grelha em fundi\u00e7\u00e3o.<\/li>\n<li>Interior em vermiculita.<\/li>\n<li>Regula\u00e7\u00e3o do ar de combust\u00e3o prim\u00e1rio.<\/li>\n<li>Sistema de Dupla Combust\u00e3o.<\/li>\n<li>Forno com tijolo refrat\u00e1rio e term\u00f4metro de 500\u00baC para controlar a temperatura.<\/li>\n<li>Inclui bandeja de a\u00e7o inoxid\u00e1vel de 480x400x60 mm.<\/li>\n<li>Inclui grelha de assados remov\u00edvel, girat\u00f3ria e regul\u00e1vel em v\u00e1rias alturas.<\/li>\n<li>Sistema Envolvente Forno.<\/li>\n<li>Dupla c\u00e2mara.<\/li>\n<li>Inclui luva e spray de pintura.<\/li>\n<\/ul>\n<h1>Elementos opcionais:<\/h1>\n<ul>\n<li>KIT-AIR-11: Kit com entrada de ar externo. Para converter em herm\u00e9tico.<\/li>\n<li>KIT-INOX-SUIZA: Kit com revestimento interior para o forno em a\u00e7o inoxid\u00e1vel.<\/li>\n<\/ul>\n","protected":false},"excerpt":{"rendered":"<p>Salamandra com forno e lenheiro<\/p>\n","protected":false},"featured_media":2928,"template":"","meta":[],"product_brand":[],"product_cat":[168,167],"product_tag":[290],"class_list":{"0":"post-8972","1":"product","2":"type-product","3":"status-publish","4":"has-post-thumbnail","6":"product_cat-salamandra-a-lenha-pt-pt","7":"product_cat-serie-lenha-pt-pt","8":"product_tag-ar-pt-pt","10":"first","11":"instock","12":"shipping-taxable","13":"product-type-simple"},"_links":{"self":[{"href":"https:\/\/bronpi.com\/pt-pt\/wp-json\/wp\/v2\/product\/8972","targetHints":{"allow":["GET"]}}],"collection":[{"href":"https:\/\/bronpi.com\/pt-pt\/wp-json\/wp\/v2\/product"}],"about":[{"href":"https:\/\/bronpi.com\/pt-pt\/wp-json\/wp\/v2\/types\/product"}],"wp:featuredmedia":[{"embeddable":true,"href":"https:\/\/bronpi.com\/pt-pt\/wp-json\/wp\/v2\/media\/2928"}],"wp:attachment":[{"href":"https:\/\/bronpi.com\/pt-pt\/wp-json\/wp\/v2\/media?parent=8972"}],"wp:term":[{"taxonomy":"product_brand","embeddable":true,"href":"https:\/\/bronpi.com\/pt-pt\/wp-json\/wp\/v2\/product_brand?post=8972"},{"taxonomy":"product_cat","embeddable":true,"href":"https:\/\/bronpi.com\/pt-pt\/wp-json\/wp\/v2\/product_cat?post=8972"},{"taxonomy":"product_tag","embeddable":true,"href":"https:\/\/bronpi.com\/pt-pt\/wp-json\/wp\/v2\/product_tag?post=8972"}],"curies":[{"name":"wp","href":"https:\/\/api.w.org\/{rel}","templated":true}]}}