{"id":8986,"date":"2025-01-16T10:35:07","date_gmt":"2025-01-16T09:35:07","guid":{"rendered":"https:\/\/bronpi.com\/product\/hilton-c\/"},"modified":"2025-10-16T16:59:41","modified_gmt":"2025-10-16T14:59:41","slug":"hilton-c","status":"publish","type":"product","link":"https:\/\/bronpi.com\/pt-pt\/produto\/hilton-c\/","title":{"rendered":"HILTON-C"},"content":{"rendered":"<p>&#8211; Portas e p\u00e9s em fundi\u00e7\u00e3o.<\/p>\n<p>&#8211; Interior em vermiculita.<\/p>\n<p>&#8211; Teto e aros para cozinhar em fundi\u00e7\u00e3o.<\/p>\n<p>&#8211; Forno com tijolo refrat\u00e1rio e term\u00f4metro de 400\u00baC para controlar a temperatura.<\/p>\n<p>&#8211; Inclui grelha para o forno de 400&#215;260 mm.<\/p>\n<p>&#8211; Inclui grelha de assados remov\u00edvel, girat\u00f3ria e regul\u00e1vel em v\u00e1rias alturas.<\/p>\n<p>&#8211; Sistema Envolvente Forno.<\/p>\n<p>&#8211; Puxadores acabados em madeira natural.<\/p>\n<p>&#8211; Regula\u00e7\u00e3o do ar de combust\u00e3o prim\u00e1rio, secund\u00e1rio e da tripla<br \/>\ncombust\u00e3o.<\/p>\n<p>&#8211; Sistema de Tripla Combust\u00e3o.<\/p>\n<p>&#8211; Inclui luva e spray de pintura.<\/p>\n<p>&nbsp;<\/p>\n<h1><strong>Elementos opcionais:<\/strong><\/h1>\n<p>&#8211; KIT-AIR-15: Kit com entrada de ar externo. Para converter em herm\u00e9tico.<br \/>\n&#8211; KIT-INOX-H: Kit com revestimento interior para o forno em a\u00e7o inoxid\u00e1vel.<\/p>\n","protected":false},"excerpt":{"rendered":"<p>Salamandra com forno e cozinha<\/p>\n","protected":false},"featured_media":2944,"template":"","meta":[],"product_brand":[],"product_cat":[168,167],"product_tag":[290,177],"class_list":{"0":"post-8986","1":"product","2":"type-product","3":"status-publish","4":"has-post-thumbnail","6":"product_cat-salamandra-a-lenha-pt-pt","7":"product_cat-serie-lenha-pt-pt","8":"product_tag-ar-pt-pt","9":"product_tag-novo-pt-pt","11":"first","12":"instock","13":"shipping-taxable","14":"product-type-simple"},"_links":{"self":[{"href":"https:\/\/bronpi.com\/pt-pt\/wp-json\/wp\/v2\/product\/8986","targetHints":{"allow":["GET"]}}],"collection":[{"href":"https:\/\/bronpi.com\/pt-pt\/wp-json\/wp\/v2\/product"}],"about":[{"href":"https:\/\/bronpi.com\/pt-pt\/wp-json\/wp\/v2\/types\/product"}],"wp:featuredmedia":[{"embeddable":true,"href":"https:\/\/bronpi.com\/pt-pt\/wp-json\/wp\/v2\/media\/2944"}],"wp:attachment":[{"href":"https:\/\/bronpi.com\/pt-pt\/wp-json\/wp\/v2\/media?parent=8986"}],"wp:term":[{"taxonomy":"product_brand","embeddable":true,"href":"https:\/\/bronpi.com\/pt-pt\/wp-json\/wp\/v2\/product_brand?post=8986"},{"taxonomy":"product_cat","embeddable":true,"href":"https:\/\/bronpi.com\/pt-pt\/wp-json\/wp\/v2\/product_cat?post=8986"},{"taxonomy":"product_tag","embeddable":true,"href":"https:\/\/bronpi.com\/pt-pt\/wp-json\/wp\/v2\/product_tag?post=8986"}],"curies":[{"name":"wp","href":"https:\/\/api.w.org\/{rel}","templated":true}]}}