{"id":9000,"date":"2025-03-03T11:01:45","date_gmt":"2025-03-03T10:01:45","guid":{"rendered":"https:\/\/bronpi.com\/product\/hilton-h\/"},"modified":"2025-10-16T17:12:14","modified_gmt":"2025-10-16T15:12:14","slug":"hilton-h","status":"publish","type":"product","link":"https:\/\/bronpi.com\/pt-pt\/produto\/hilton-h\/","title":{"rendered":"HILTON-H"},"content":{"rendered":"<p>&#8211; Portas e p\u00e9s em fundi\u00e7\u00e3o.<\/p>\n<p>&#8211; Interior em vermiculita.<\/p>\n<p>&#8211; Forno com tijolo refrat\u00e1rio e term\u00f4metro de 400\u00baC para controlar a temperatura.<\/p>\n<p>&#8211; Inclui grelha para o forno de 400&#215;260 mm.<\/p>\n<p>&#8211; Inclui grelha de assados remov\u00edvel, girat\u00f3ria e regul\u00e1vel em v\u00e1rias alturas.<\/p>\n<p>&#8211; Sistema Envolvente Forno.<\/p>\n<p>&#8211; Puxadores acabados em madeira natural.<\/p>\n<p>&#8211; Regolazione dell&#8217;aria di combustione primaria, secondaria e della tripla combustione.<\/p>\n<p>&#8211; Sistema de Tripla Combust\u00e3o.<\/p>\n<p>&#8211; Inclui luva e spray de pintura.<\/p>\n<p>&nbsp;<\/p>\n<h1><strong>Elementos opcionais: <\/strong><\/h1>\n<p>&#8211; KIT-AIR-15: Kit con presa d&#8217;aria esterna. Para converter em herm\u00e9tico.<br \/>\n&#8211; KIT-INOX-H: Kit com revestimento interior para o forno em a\u00e7o inoxid\u00e1vel.<\/p>\n","protected":false},"excerpt":{"rendered":"<p>Salamandra com forno<\/p>\n","protected":false},"featured_media":2994,"template":"","meta":[],"product_brand":[],"product_cat":[168,167],"product_tag":[290,177],"class_list":{"0":"post-9000","1":"product","2":"type-product","3":"status-publish","4":"has-post-thumbnail","6":"product_cat-salamandra-a-lenha-pt-pt","7":"product_cat-serie-lenha-pt-pt","8":"product_tag-ar-pt-pt","9":"product_tag-novo-pt-pt","11":"first","12":"instock","13":"shipping-taxable","14":"product-type-simple"},"_links":{"self":[{"href":"https:\/\/bronpi.com\/pt-pt\/wp-json\/wp\/v2\/product\/9000","targetHints":{"allow":["GET"]}}],"collection":[{"href":"https:\/\/bronpi.com\/pt-pt\/wp-json\/wp\/v2\/product"}],"about":[{"href":"https:\/\/bronpi.com\/pt-pt\/wp-json\/wp\/v2\/types\/product"}],"wp:featuredmedia":[{"embeddable":true,"href":"https:\/\/bronpi.com\/pt-pt\/wp-json\/wp\/v2\/media\/2994"}],"wp:attachment":[{"href":"https:\/\/bronpi.com\/pt-pt\/wp-json\/wp\/v2\/media?parent=9000"}],"wp:term":[{"taxonomy":"product_brand","embeddable":true,"href":"https:\/\/bronpi.com\/pt-pt\/wp-json\/wp\/v2\/product_brand?post=9000"},{"taxonomy":"product_cat","embeddable":true,"href":"https:\/\/bronpi.com\/pt-pt\/wp-json\/wp\/v2\/product_cat?post=9000"},{"taxonomy":"product_tag","embeddable":true,"href":"https:\/\/bronpi.com\/pt-pt\/wp-json\/wp\/v2\/product_tag?post=9000"}],"curies":[{"name":"wp","href":"https:\/\/api.w.org\/{rel}","templated":true}]}}