{"id":966,"date":"2025-03-03T10:31:29","date_gmt":"2025-03-03T09:31:29","guid":{"rendered":"https:\/\/bronpi.com\/product\/lorem-ipsum\/"},"modified":"2026-03-23T12:06:33","modified_gmt":"2026-03-23T11:06:33","slug":"madrid-madrid-vision","status":"publish","type":"product","link":"https:\/\/bronpi.com\/pt-pt\/produto\/madrid-madrid-vision\/","title":{"rendered":"MADRID\/ MADRID-VISION"},"content":{"rendered":"<ul>\n<li>Elaborado totalmente em fundi\u00e7\u00e3o.<\/li>\n<li>Inclui 2 turbinas com interruptor de 2 velocidades e termostato.<\/li>\n<li>V\u00e1lvula reguladora do tiragem regul\u00e1vel.<\/li>\n<li>Regula\u00e7\u00e3o do ar de combust\u00e3o prim\u00e1rio e secund\u00e1rio.<\/li>\n<li>Sistema de Tripla Combust\u00e3o.<\/li>\n<li>Com possibilidade de canaliza\u00e7\u00e3o (inclui 2 sa\u00eddas microperfuradas para canaliza\u00e7\u00e3o do ar at\u00e9 3 metros e 2 colares de canaliza\u00e7\u00e3o).<\/li>\n<li>Inclui moldura a 3 caras de s\u00e9rie.<\/li>\n<li>Inclui luva e spray de pintura.<\/li>\n<\/ul>\n","protected":false},"excerpt":{"rendered":"<p>Inser\u00edvel em fundi\u00e7\u00e3o com turbina<\/p>\n","protected":false},"featured_media":2359,"template":"","meta":[],"product_brand":[],"product_cat":[171,167],"product_tag":[290,286],"class_list":{"0":"post-966","1":"product","2":"type-product","3":"status-publish","4":"has-post-thumbnail","6":"product_cat-inseriveis-a-lenha-pt-pt","7":"product_cat-serie-lenha-pt-pt","8":"product_tag-ar-pt-pt","9":"product_tag-canalizable-pt-pt","11":"first","12":"instock","13":"shipping-taxable","14":"product-type-simple"},"_links":{"self":[{"href":"https:\/\/bronpi.com\/pt-pt\/wp-json\/wp\/v2\/product\/966","targetHints":{"allow":["GET"]}}],"collection":[{"href":"https:\/\/bronpi.com\/pt-pt\/wp-json\/wp\/v2\/product"}],"about":[{"href":"https:\/\/bronpi.com\/pt-pt\/wp-json\/wp\/v2\/types\/product"}],"wp:featuredmedia":[{"embeddable":true,"href":"https:\/\/bronpi.com\/pt-pt\/wp-json\/wp\/v2\/media\/2359"}],"wp:attachment":[{"href":"https:\/\/bronpi.com\/pt-pt\/wp-json\/wp\/v2\/media?parent=966"}],"wp:term":[{"taxonomy":"product_brand","embeddable":true,"href":"https:\/\/bronpi.com\/pt-pt\/wp-json\/wp\/v2\/product_brand?post=966"},{"taxonomy":"product_cat","embeddable":true,"href":"https:\/\/bronpi.com\/pt-pt\/wp-json\/wp\/v2\/product_cat?post=966"},{"taxonomy":"product_tag","embeddable":true,"href":"https:\/\/bronpi.com\/pt-pt\/wp-json\/wp\/v2\/product_tag?post=966"}],"curies":[{"name":"wp","href":"https:\/\/api.w.org\/{rel}","templated":true}]}}